{"id":161,"date":"2026-05-06T01:09:53","date_gmt":"2026-05-05T23:09:53","guid":{"rendered":"http:\/\/stiv.cat.mialias.net\/?page_id=161"},"modified":"2026-05-06T01:31:06","modified_gmt":"2026-05-05T23:31:06","slug":"disseny","status":"publish","type":"page","link":"https:\/\/stiv.cat\/ca\/disseny\/","title":{"rendered":"Disseny"},"content":{"rendered":"\t\t<div data-elementor-type=\"wp-page\" data-elementor-id=\"161\" class=\"elementor elementor-161\">\n\t\t\t\t<div class=\"elementor-element elementor-element-36cebb7 e-flex e-con-boxed e-con e-parent\" data-id=\"36cebb7\" data-element_type=\"container\" data-e-type=\"container\">\n\t\t\t\t\t<div class=\"e-con-inner\">\n\t\t\t\t<div class=\"elementor-element elementor-element-b889f88 elementor-widget elementor-widget-heading\" data-id=\"b889f88\" data-element_type=\"widget\" data-e-type=\"widget\" data-widget_type=\"heading.default\">\n\t\t\t\t\t<h1 class=\"elementor-heading-title elementor-size-default\">Disseny<\/h1>\t\t\t\t<\/div>\n\t\t\t\t\t<\/div>\n\t\t\t\t<\/div>\n\t\t<div class=\"elementor-element elementor-element-73bdbf9 e-flex e-con-boxed e-con e-parent\" data-id=\"73bdbf9\" data-element_type=\"container\" data-e-type=\"container\">\n\t\t\t\t\t<div class=\"e-con-inner\">\n\t\t<div class=\"elementor-element elementor-element-62c5966 e-con-full e-flex e-con e-child\" data-id=\"62c5966\" data-element_type=\"container\" data-e-type=\"container\">\n\t\t<div class=\"elementor-element elementor-element-7731975 e-con-full e-flex e-con e-child\" data-id=\"7731975\" data-element_type=\"container\" data-e-type=\"container\" data-settings=\"{&quot;background_background&quot;:&quot;classic&quot;}\">\n\t\t\t\t<div class=\"elementor-element elementor-element-244f263 elementor-widget elementor-widget-heading\" data-id=\"244f263\" data-element_type=\"widget\" data-e-type=\"widget\" data-widget_type=\"heading.default\">\n\t\t\t\t\t<h2 class=\"elementor-heading-title elementor-size-default\">STIV<\/h2>\t\t\t\t<\/div>\n\t\t\t\t<div class=\"elementor-element elementor-element-16f4929 elementor-widget elementor-widget-heading\" data-id=\"16f4929\" data-element_type=\"widget\" data-e-type=\"widget\" data-widget_type=\"heading.default\">\n\t\t\t\t\t<h2 class=\"elementor-heading-title elementor-size-default\">Conacta amb nosaltres<\/h2>\t\t\t\t<\/div>\n\t\t\t\t<div class=\"elementor-element elementor-element-703fece elementor-widget-divider--view-line elementor-widget elementor-widget-divider\" data-id=\"703fece\" data-element_type=\"widget\" data-e-type=\"widget\" data-widget_type=\"divider.default\">\n\t\t\t\t\t\t\t<div class=\"elementor-divider\">\n\t\t\t<span class=\"elementor-divider-separator\">\n\t\t\t\t\t\t<\/span>\n\t\t<\/div>\n\t\t\t\t\t\t<\/div>\n\t\t\t\t<div class=\"elementor-element elementor-element-939cf06 elementor-position-inline-start elementor-view-default elementor-mobile-position-block-start elementor-widget elementor-widget-icon-box\" data-id=\"939cf06\" data-element_type=\"widget\" data-e-type=\"widget\" data-widget_type=\"icon-box.default\">\n\t\t\t\t\t\t\t<div class=\"elementor-icon-box-wrapper\">\n\n\t\t\t\t\t\t<div class=\"elementor-icon-box-icon\">\n\t\t\t\t<span  class=\"elementor-icon\">\n\t\t\t\t<i aria-hidden=\"true\" class=\"icon icon-phone-call\"><\/i>\t\t\t\t<\/span>\n\t\t\t<\/div>\n\t\t\t\n\t\t\t\t\t\t<div class=\"elementor-icon-box-content\">\n\n\t\t\t\t\t\t\t\t\t<h3 class=\"elementor-icon-box-title\">\n\t\t\t\t\t\t<span  >\n\t\t\t\t\t\t\tT. 938 616 970 | F. 938 616 971\t\t\t\t\t\t<\/span>\n\t\t\t\t\t<\/h3>\n\t\t\t\t\n\t\t\t\t\n\t\t\t<\/div>\n\t\t\t\n\t\t<\/div>\n\t\t\t\t\t\t<\/div>\n\t\t\t\t<div class=\"elementor-element elementor-element-65d1dc9 elementor-position-inline-start elementor-view-default elementor-mobile-position-block-start elementor-widget elementor-widget-icon-box\" data-id=\"65d1dc9\" data-element_type=\"widget\" data-e-type=\"widget\" data-widget_type=\"icon-box.default\">\n\t\t\t\t\t\t\t<div class=\"elementor-icon-box-wrapper\">\n\n\t\t\t\t\t\t<div class=\"elementor-icon-box-icon\">\n\t\t\t\t<span  class=\"elementor-icon\">\n\t\t\t\t<i aria-hidden=\"true\" class=\"icon icon-email\"><\/i>\t\t\t\t<\/span>\n\t\t\t<\/div>\n\t\t\t\n\t\t\t\t\t\t<div class=\"elementor-icon-box-content\">\n\n\t\t\t\t\t\t\t\t\t<h3 class=\"elementor-icon-box-title\">\n\t\t\t\t\t\t<span  >\n\t\t\t\t\t\t\tstiv@stiv.es\t\t\t\t\t\t<\/span>\n\t\t\t\t\t<\/h3>\n\t\t\t\t\n\t\t\t\t\n\t\t\t<\/div>\n\t\t\t\n\t\t<\/div>\n\t\t\t\t\t\t<\/div>\n\t\t\t\t<\/div>\n\t\t\t\t<\/div>\n\t\t<div class=\"elementor-element elementor-element-50e2071 e-con-full e-flex e-con e-child\" data-id=\"50e2071\" data-element_type=\"container\" data-e-type=\"container\">\n\t\t\t\t<div class=\"elementor-element elementor-element-a798fa3 elementor-widget elementor-widget-image\" data-id=\"a798fa3\" data-element_type=\"widget\" data-e-type=\"widget\" data-widget_type=\"image.default\">\n\t\t\t\t\t\t\t\t\t\t\t\t\t\t\t<img fetchpriority=\"high\" decoding=\"async\" width=\"800\" height=\"527\" src=\"https:\/\/stiv.cat\/wp-content\/uploads\/2026\/05\/DISSENY-1.webp\" class=\"attachment-large size-large wp-image-74\" alt=\"\" srcset=\"https:\/\/stiv.cat\/wp-content\/uploads\/2026\/05\/DISSENY-1.webp 800w, https:\/\/stiv.cat\/wp-content\/uploads\/2026\/05\/DISSENY-1-300x198.webp 300w, https:\/\/stiv.cat\/wp-content\/uploads\/2026\/05\/DISSENY-1-768x506.webp 768w\" sizes=\"(max-width: 800px) 100vw, 800px\" \/>\t\t\t\t\t\t\t\t\t\t\t\t\t\t\t<\/div>\n\t\t\t\t<div class=\"elementor-element elementor-element-9b8f7e9 elementor-widget elementor-widget-text-editor\" data-id=\"9b8f7e9\" data-element_type=\"widget\" data-e-type=\"widget\" data-widget_type=\"text-editor.default\">\n\t\t\t\t\t\t\t\t\t<p>A STIV per maximitzar la productivitat i millorar la qualitat dels nostres dissenys, treballem amb potents programaris com s\u00f3n el <strong>SOLIDWORKS<\/strong> i el <strong>EPLAN<\/strong> en el disseny mec\u00e0nic i el\u00e8ctric respectivament.<\/p><p>Aquestes eines ens permeten elevar el disseny a un m\u00e0xim exponent i realitzar de forma senzilla i r\u00e0pida la integraci\u00f3 de la planificaci\u00f3 dels processos el\u00e8ctrics en les m\u00e0quines i sistemes de plantes automatitzades.<\/p>\t\t\t\t\t\t\t\t<\/div>\n\t\t\t\t<\/div>\n\t\t\t\t\t<\/div>\n\t\t\t\t<\/div>\n\t\t\t\t<\/div>\n\t\t","protected":false},"excerpt":{"rendered":"<p>Disseny STIV Conacta amb nosaltres T. 938 616 970 | F. 938 616 971 stiv@stiv.es A STIV per maximitzar la productivitat i millorar la qualitat dels nostres dissenys, treballem amb potents programaris com s\u00f3n el SOLIDWORKS i el EPLAN en el disseny mec\u00e0nic i el\u00e8ctric respectivament. Aquestes eines ens permeten elevar el disseny a un &#8230; <a title=\"Disseny\" class=\"read-more\" href=\"https:\/\/stiv.cat\/ca\/disseny\/\" aria-label=\"M\u00e9s informaci\u00f3 sobre Disseny\">Llegiu m\u00e9s<\/a><\/p>\n","protected":false},"author":1,"featured_media":0,"parent":0,"menu_order":0,"comment_status":"closed","ping_status":"closed","template":"elementor_header_footer","meta":{"footnotes":""},"class_list":["post-161","page","type-page","status-publish"],"yoast_head":"<!-- This site is optimized with the Yoast SEO plugin v27.6 - https:\/\/yoast.com\/product\/yoast-seo-wordpress\/ -->\n<title>Disseny - STIV<\/title>\n<meta name=\"robots\" content=\"noindex, follow, max-snippet:-1, max-image-preview:large, max-video-preview:-1\" \/>\n<meta property=\"og:locale\" content=\"ca_ES\" \/>\n<meta property=\"og:type\" content=\"article\" \/>\n<meta property=\"og:title\" content=\"Disseny - STIV\" \/>\n<meta property=\"og:description\" content=\"Disseny STIV Conacta amb nosaltres T. 938 616 970 | F. 938 616 971 stiv@stiv.es A STIV per maximitzar la productivitat i millorar la qualitat dels nostres dissenys, treballem amb potents programaris com s\u00f3n el SOLIDWORKS i el EPLAN en el disseny mec\u00e0nic i el\u00e8ctric respectivament. Aquestes eines ens permeten elevar el disseny a un ... Llegiu m\u00e9s\" \/>\n<meta property=\"og:url\" content=\"https:\/\/stiv.cat\/ca\/disseny\/\" \/>\n<meta property=\"og:site_name\" content=\"STIV\" \/>\n<meta property=\"article:modified_time\" content=\"2026-05-05T23:31:06+00:00\" \/>\n<meta property=\"og:image\" content=\"http:\/\/stiv.cat\/wp-content\/uploads\/2026\/05\/DISSENY-1.webp\" \/>\n<meta name=\"twitter:card\" content=\"summary_large_image\" \/>\n<meta name=\"twitter:label1\" content=\"Temps estimat de lectura\" \/>\n\t<meta name=\"twitter:data1\" content=\"1 minut\" \/>\n<script type=\"application\/ld+json\" class=\"yoast-schema-graph\">{\"@context\":\"https:\\\/\\\/schema.org\",\"@graph\":[{\"@type\":\"WebPage\",\"@id\":\"https:\\\/\\\/stiv.cat\\\/ca\\\/disseny\\\/\",\"url\":\"https:\\\/\\\/stiv.cat\\\/ca\\\/disseny\\\/\",\"name\":\"Disseny - STIV\",\"isPartOf\":{\"@id\":\"https:\\\/\\\/stiv.cat\\\/ca\\\/#website\"},\"primaryImageOfPage\":{\"@id\":\"https:\\\/\\\/stiv.cat\\\/ca\\\/disseny\\\/#primaryimage\"},\"image\":{\"@id\":\"https:\\\/\\\/stiv.cat\\\/ca\\\/disseny\\\/#primaryimage\"},\"thumbnailUrl\":\"http:\\\/\\\/stiv.cat\\\/wp-content\\\/uploads\\\/2026\\\/05\\\/DISSENY-1.webp\",\"datePublished\":\"2026-05-05T23:09:53+00:00\",\"dateModified\":\"2026-05-05T23:31:06+00:00\",\"breadcrumb\":{\"@id\":\"https:\\\/\\\/stiv.cat\\\/ca\\\/disseny\\\/#breadcrumb\"},\"inLanguage\":\"ca\",\"potentialAction\":[{\"@type\":\"ReadAction\",\"target\":[\"https:\\\/\\\/stiv.cat\\\/ca\\\/disseny\\\/\"]}]},{\"@type\":\"ImageObject\",\"inLanguage\":\"ca\",\"@id\":\"https:\\\/\\\/stiv.cat\\\/ca\\\/disseny\\\/#primaryimage\",\"url\":\"http:\\\/\\\/stiv.cat\\\/wp-content\\\/uploads\\\/2026\\\/05\\\/DISSENY-1.webp\",\"contentUrl\":\"http:\\\/\\\/stiv.cat\\\/wp-content\\\/uploads\\\/2026\\\/05\\\/DISSENY-1.webp\"},{\"@type\":\"BreadcrumbList\",\"@id\":\"https:\\\/\\\/stiv.cat\\\/ca\\\/disseny\\\/#breadcrumb\",\"itemListElement\":[{\"@type\":\"ListItem\",\"position\":1,\"name\":\"Portada\",\"item\":\"https:\\\/\\\/stiv.cat\\\/ca\\\/\"},{\"@type\":\"ListItem\",\"position\":2,\"name\":\"Disseny\"}]},{\"@type\":\"WebSite\",\"@id\":\"https:\\\/\\\/stiv.cat\\\/ca\\\/#website\",\"url\":\"https:\\\/\\\/stiv.cat\\\/ca\\\/\",\"name\":\"STIV\",\"description\":\"Serveis T\u00e8cnics Industrials del Vall\u00e8s S.L\",\"publisher\":{\"@id\":\"https:\\\/\\\/stiv.cat\\\/ca\\\/#organization\"},\"potentialAction\":[{\"@type\":\"SearchAction\",\"target\":{\"@type\":\"EntryPoint\",\"urlTemplate\":\"https:\\\/\\\/stiv.cat\\\/ca\\\/?s={search_term_string}\"},\"query-input\":{\"@type\":\"PropertyValueSpecification\",\"valueRequired\":true,\"valueName\":\"search_term_string\"}}],\"inLanguage\":\"ca\"},{\"@type\":\"Organization\",\"@id\":\"https:\\\/\\\/stiv.cat\\\/ca\\\/#organization\",\"name\":\"STIV\",\"url\":\"https:\\\/\\\/stiv.cat\\\/ca\\\/\",\"logo\":{\"@type\":\"ImageObject\",\"inLanguage\":\"ca\",\"@id\":\"https:\\\/\\\/stiv.cat\\\/ca\\\/#\\\/schema\\\/logo\\\/image\\\/\",\"url\":\"https:\\\/\\\/stiv.cat\\\/wp-content\\\/uploads\\\/2026\\\/05\\\/cropped-logo.webp\",\"contentUrl\":\"https:\\\/\\\/stiv.cat\\\/wp-content\\\/uploads\\\/2026\\\/05\\\/cropped-logo.webp\",\"width\":420,\"height\":131,\"caption\":\"STIV\"},\"image\":{\"@id\":\"https:\\\/\\\/stiv.cat\\\/ca\\\/#\\\/schema\\\/logo\\\/image\\\/\"}}]}<\/script>\n<!-- \/ Yoast SEO plugin. -->","yoast_head_json":{"title":"Disseny - STIV","robots":{"index":"noindex","follow":"follow","max-snippet":"max-snippet:-1","max-image-preview":"max-image-preview:large","max-video-preview":"max-video-preview:-1"},"og_locale":"ca_ES","og_type":"article","og_title":"Disseny - STIV","og_description":"Disseny STIV Conacta amb nosaltres T. 938 616 970 | F. 938 616 971 stiv@stiv.es A STIV per maximitzar la productivitat i millorar la qualitat dels nostres dissenys, treballem amb potents programaris com s\u00f3n el SOLIDWORKS i el EPLAN en el disseny mec\u00e0nic i el\u00e8ctric respectivament. Aquestes eines ens permeten elevar el disseny a un ... Llegiu m\u00e9s","og_url":"https:\/\/stiv.cat\/ca\/disseny\/","og_site_name":"STIV","article_modified_time":"2026-05-05T23:31:06+00:00","og_image":[{"url":"http:\/\/stiv.cat\/wp-content\/uploads\/2026\/05\/DISSENY-1.webp","type":"","width":"","height":""}],"twitter_card":"summary_large_image","twitter_misc":{"Temps estimat de lectura":"1 minut"},"schema":{"@context":"https:\/\/schema.org","@graph":[{"@type":"WebPage","@id":"https:\/\/stiv.cat\/ca\/disseny\/","url":"https:\/\/stiv.cat\/ca\/disseny\/","name":"Disseny - STIV","isPartOf":{"@id":"https:\/\/stiv.cat\/ca\/#website"},"primaryImageOfPage":{"@id":"https:\/\/stiv.cat\/ca\/disseny\/#primaryimage"},"image":{"@id":"https:\/\/stiv.cat\/ca\/disseny\/#primaryimage"},"thumbnailUrl":"http:\/\/stiv.cat\/wp-content\/uploads\/2026\/05\/DISSENY-1.webp","datePublished":"2026-05-05T23:09:53+00:00","dateModified":"2026-05-05T23:31:06+00:00","breadcrumb":{"@id":"https:\/\/stiv.cat\/ca\/disseny\/#breadcrumb"},"inLanguage":"ca","potentialAction":[{"@type":"ReadAction","target":["https:\/\/stiv.cat\/ca\/disseny\/"]}]},{"@type":"ImageObject","inLanguage":"ca","@id":"https:\/\/stiv.cat\/ca\/disseny\/#primaryimage","url":"http:\/\/stiv.cat\/wp-content\/uploads\/2026\/05\/DISSENY-1.webp","contentUrl":"http:\/\/stiv.cat\/wp-content\/uploads\/2026\/05\/DISSENY-1.webp"},{"@type":"BreadcrumbList","@id":"https:\/\/stiv.cat\/ca\/disseny\/#breadcrumb","itemListElement":[{"@type":"ListItem","position":1,"name":"Portada","item":"https:\/\/stiv.cat\/ca\/"},{"@type":"ListItem","position":2,"name":"Disseny"}]},{"@type":"WebSite","@id":"https:\/\/stiv.cat\/ca\/#website","url":"https:\/\/stiv.cat\/ca\/","name":"STIV","description":"Serveis T\u00e8cnics Industrials del Vall\u00e8s S.L","publisher":{"@id":"https:\/\/stiv.cat\/ca\/#organization"},"potentialAction":[{"@type":"SearchAction","target":{"@type":"EntryPoint","urlTemplate":"https:\/\/stiv.cat\/ca\/?s={search_term_string}"},"query-input":{"@type":"PropertyValueSpecification","valueRequired":true,"valueName":"search_term_string"}}],"inLanguage":"ca"},{"@type":"Organization","@id":"https:\/\/stiv.cat\/ca\/#organization","name":"STIV","url":"https:\/\/stiv.cat\/ca\/","logo":{"@type":"ImageObject","inLanguage":"ca","@id":"https:\/\/stiv.cat\/ca\/#\/schema\/logo\/image\/","url":"https:\/\/stiv.cat\/wp-content\/uploads\/2026\/05\/cropped-logo.webp","contentUrl":"https:\/\/stiv.cat\/wp-content\/uploads\/2026\/05\/cropped-logo.webp","width":420,"height":131,"caption":"STIV"},"image":{"@id":"https:\/\/stiv.cat\/ca\/#\/schema\/logo\/image\/"}}]}},"_links":{"self":[{"href":"https:\/\/stiv.cat\/ca\/wp-json\/wp\/v2\/pages\/161","targetHints":{"allow":["GET"]}}],"collection":[{"href":"https:\/\/stiv.cat\/ca\/wp-json\/wp\/v2\/pages"}],"about":[{"href":"https:\/\/stiv.cat\/ca\/wp-json\/wp\/v2\/types\/page"}],"author":[{"embeddable":true,"href":"https:\/\/stiv.cat\/ca\/wp-json\/wp\/v2\/users\/1"}],"replies":[{"embeddable":true,"href":"https:\/\/stiv.cat\/ca\/wp-json\/wp\/v2\/comments?post=161"}],"version-history":[{"count":7,"href":"https:\/\/stiv.cat\/ca\/wp-json\/wp\/v2\/pages\/161\/revisions"}],"predecessor-version":[{"id":191,"href":"https:\/\/stiv.cat\/ca\/wp-json\/wp\/v2\/pages\/161\/revisions\/191"}],"wp:attachment":[{"href":"https:\/\/stiv.cat\/ca\/wp-json\/wp\/v2\/media?parent=161"}],"curies":[{"name":"wp","href":"https:\/\/api.w.org\/{rel}","templated":true}]}}