{"id":1685,"date":"2020-09-23T10:31:15","date_gmt":"2020-09-23T10:31:15","guid":{"rendered":"http:\/\/stiv.bcntic.com\/contacto\/"},"modified":"2024-01-25T13:14:52","modified_gmt":"2024-01-25T11:14:52","slug":"contacte","status":"publish","type":"page","link":"https:\/\/stiv.cat\/ca\/contacte\/","title":{"rendered":"Contacte"},"content":{"rendered":"\t\t<div data-elementor-type=\"wp-page\" data-elementor-id=\"1685\" class=\"elementor elementor-1685 elementor-1364\">\n\t\t\t\t\t\t<div class=\"elementor-inner\">\n\t\t\t\t<div class=\"elementor-section-wrap\">\n\t\t\t\t\t\t\t        <section class=\"elementor-section elementor-top-section elementor-element elementor-element-8d736c0 elementor-section-full_width elementor-section-stretched elementor-section-height-default elementor-section-height-default\" data-id=\"8d736c0\" data-element_type=\"section\" data-settings=\"{&quot;stretch_section&quot;:&quot;section-stretched&quot;}\">\n\t\t\n\t\t        <div class=\"elementor-container elementor-column-gap-default \" >\n\t\t            <div class=\"elementor-row\">\n\t\t        <div class=\"elementor-column elementor-col-100 elementor-top-column elementor-element elementor-element-5f87bdf\" data-id=\"5f87bdf\" data-element_type=\"column\">\n        <div class=\"elementor-column-wrap elementor-element-populated\">\n                            <div class=\"elementor-widget-wrap\">\n                \t\t<div class=\"elementor-element elementor-element-7943771 elementor-widget elementor-widget-html\" data-id=\"7943771\" data-element_type=\"widget\" data-widget_type=\"html.default\">\n\t\t\t\t<div class=\"elementor-widget-container\">\n\t\t\t<iframe src=\"https:\/\/www.google.com\/maps\/embed?pb=!1m14!1m8!1m3!1d5314.070672699998!2d2.281270178733854!3d41.62502536347117!3m2!1i1024!2i768!4f13.1!3m3!1m2!1s0x0%3A0x18e388e16bd6f0c2!2sSERVEIS%20TECNICS%20INDUSTRIALS%20DEL%20VALLES%2C%20SL!5e0!3m2!1ses!2ses!4v1627664234616!5m2!1ses!2ses\" width=\"600\" height=\"450\" style=\"border:0;\" allowfullscreen=\"\" loading=\"lazy\"><\/iframe>\t\t<\/div>\n\t\t\t\t<\/div>\n\t\t            <\/div>\n                <\/div>\n        <\/div>\n        \t\t            <\/div>\n\t\t        <\/div>\n        <\/section>\n\t\t        <section class=\"elementor-section elementor-top-section elementor-element elementor-element-894422c elementor-section-boxed elementor-section-height-default elementor-section-height-default\" data-id=\"894422c\" data-element_type=\"section\">\n\t\t\n\t\t        <div class=\"elementor-container elementor-column-gap-extended \" >\n\t\t            <div class=\"elementor-row\">\n\t\t        <div class=\"elementor-column elementor-col-50 elementor-top-column elementor-element elementor-element-4979390\" data-id=\"4979390\" data-element_type=\"column\">\n        <div class=\"elementor-column-wrap elementor-element-populated\">\n                            <div class=\"elementor-widget-wrap\">\n                \t\t<div class=\"elementor-element elementor-element-ac5d66e elementor-widget elementor-widget-cms_ctf7\" data-id=\"ac5d66e\" data-element_type=\"widget\" data-widget_type=\"cms_ctf7.default\">\n\t\t\t\t<div class=\"elementor-widget-container\">\n\t\t\t    <div id=\"cms_ctf7-ac5d66e\" class=\"cms-contact-form-layout1 wow fadeInLeft style1\">\n        <div class=\"cms-contact-form-inner\">\n        \t\t        \t<div class=\"cms-contact-form-meta\">\n\t        \t\t<h3>TRUCA O OMPLE EL FORMULARI<\/h3>\n\t        \t\t<p>Per a contactar amb nosaltres, si us plau, ompliu el seg\u00fcent formulari amb els vostres detalls, i us respondrem amb la major rapidesa possible.<\/p>\n\t        \t<\/div>\n\t                    <div role=\"form\" class=\"wpcf7\" id=\"wpcf7-f1724-o1\" lang=\"ca\" dir=\"ltr\">\n<div class=\"screen-reader-response\"><p role=\"status\" aria-live=\"polite\" aria-atomic=\"true\"><\/p> <ul><\/ul><\/div>\n<form action=\"\/ca\/wp-json\/wp\/v2\/pages\/1685#wpcf7-f1724-o1\" method=\"post\" class=\"wpcf7-form init\" novalidate=\"novalidate\" data-status=\"init\">\n<div style=\"display: none;\">\n<input type=\"hidden\" name=\"_wpcf7\" value=\"1724\" \/>\n<input type=\"hidden\" name=\"_wpcf7_version\" value=\"5.5.6.1\" \/>\n<input type=\"hidden\" name=\"_wpcf7_locale\" value=\"ca\" \/>\n<input type=\"hidden\" name=\"_wpcf7_unit_tag\" value=\"wpcf7-f1724-o1\" \/>\n<input type=\"hidden\" name=\"_wpcf7_container_post\" value=\"0\" \/>\n<input type=\"hidden\" name=\"_wpcf7_posted_data_hash\" value=\"\" \/>\n<input type=\"hidden\" name=\"_wpcf7_recaptcha_response\" value=\"\" \/>\n<\/div>\n<div class=\"row\">\n<div class=\"col-xs-12 col-sm-12 col-md-6 col-lg-6\">\n<div class=\"input-filled\"><span class=\"wpcf7-form-control-wrap your-name\"><input type=\"text\" name=\"your-name\" value=\"\" size=\"40\" class=\"wpcf7-form-control wpcf7-text wpcf7-validates-as-required\" aria-required=\"true\" aria-invalid=\"false\" placeholder=\"Nom*\" \/><\/span><\/div>\n<\/div>\n<div class=\"col-xs-12 col-sm-12 col-md-6 col-lg-6\">\n<div class=\"input-filled\"><span class=\"wpcf7-form-control-wrap your-email\"><input type=\"email\" name=\"your-email\" value=\"\" size=\"40\" class=\"wpcf7-form-control wpcf7-text wpcf7-email wpcf7-validates-as-required wpcf7-validates-as-email\" aria-required=\"true\" aria-invalid=\"false\" placeholder=\"E-mail*\" \/><\/span><\/div>\n<\/div>\n<\/div>\n<div class=\"row\">\n<div class=\"col-12\">\n<div class=\"input-filled\"><span class=\"wpcf7-form-control-wrap your-about\"><input type=\"text\" name=\"your-about\" value=\"\" size=\"40\" class=\"wpcf7-form-control wpcf7-text wpcf7-validates-as-required\" aria-required=\"true\" aria-invalid=\"false\" placeholder=\"Assumpte\" \/><\/span><\/div>\n<\/div>\n<div class=\"col-12\">\n<div class=\"input-filled\"><span class=\"wpcf7-form-control-wrap your-message\"><textarea name=\"your-message\" cols=\"40\" rows=\"10\" class=\"wpcf7-form-control wpcf7-textarea wpcf7-validates-as-required\" aria-required=\"true\" aria-invalid=\"false\" placeholder=\"Missatge\"><\/textarea><\/span><\/div>\n<\/div>\n<p><span class=\"wpcf7-form-control-wrap acceptance-1\"><span class=\"wpcf7-form-control wpcf7-acceptance\"><span class=\"wpcf7-list-item\"><label><input type=\"checkbox\" name=\"acceptance-1\" value=\"1\" aria-invalid=\"false\" \/><span class=\"wpcf7-list-item-label\">He leido y acepto la <a href=\"\/ca\/politica-de-privacitat\" target=\"_blank\">Pol\u00edtica de privacitat<\/a><\/span><\/label><\/span><\/span><\/span><\/p>\n<div class=\"col-12 text-center\"><input type=\"submit\" value=\"Enviar\" class=\"wpcf7-form-control has-spinner wpcf7-submit\" \/><\/div>\n<\/div>\n<p style=\"display: none !important;\" class=\"akismet-fields-container\" data-prefix=\"_wpcf7_ak_\"><label>&#916;<textarea name=\"_wpcf7_ak_hp_textarea\" cols=\"45\" rows=\"8\" maxlength=\"100\"><\/textarea><\/label><input type=\"hidden\" id=\"ak_js_1\" name=\"_wpcf7_ak_js\" value=\"186\"\/><script type=\"text\/javascript\">\ndocument.getElementById( \"ak_js_1\" ).setAttribute( \"value\", ( new Date() ).getTime() );\n<\/script>\n<\/p><div class=\"wpcf7-response-output\" aria-hidden=\"true\"><\/div><\/form><\/div>        <\/div>\n    <\/div>\n\t\t<\/div>\n\t\t\t\t<\/div>\n\t\t            <\/div>\n                <\/div>\n        <\/div>\n                <div class=\"elementor-column elementor-col-50 elementor-top-column elementor-element elementor-element-69f8057\" data-id=\"69f8057\" data-element_type=\"column\">\n        <div class=\"elementor-column-wrap elementor-element-populated\">\n                            <div class=\"elementor-widget-wrap\">\n                \t\t<div class=\"elementor-element elementor-element-a420d5e elementor-widget elementor-widget-cms_contact_info\" data-id=\"a420d5e\" data-element_type=\"widget\" data-widget_type=\"cms_contact_info.default\">\n\t\t\t\t<div class=\"elementor-widget-container\">\n\t\t\t<div class=\"cms-contact-info2 wow fadeInRight style1\">\n    <div class=\"item--sub-title\">STIV<\/div>\n    <h3 class=\"item--title\">SERVEIS T\u00c8CNICS INDUSTRIALS DEL VALL\u00c8S<\/h3>\n    <div class=\"item--description\"><label>Direcci\u00f3:<\/label> Pol\u00edgon Industrial Can Castells<br\/>\n<label>Carrer:<\/label> Ind\u00fastria 101, Nau E<br\/>\n<label>Ciutat<\/label> Canovelles, Barcelona<br>\n<label>C.P<\/label> 08420<br>\n<label>Tel\u00e8fon <\/label> 938 616 970<br> \n<label>Fax:<\/label> 938 616 971<br\/>\n<label>E-mail:<\/label> stiv@stiv.cat\n<\/div>\n<\/div>\t\t<\/div>\n\t\t\t\t<\/div>\n\t\t\t\t<div class=\"elementor-element elementor-element-080ba1c elementor-widget-divider--view-line elementor-widget elementor-widget-divider\" data-id=\"080ba1c\" data-element_type=\"widget\" data-widget_type=\"divider.default\">\n\t\t\t\t<div class=\"elementor-widget-container\">\n\t\t\t\t\t<div class=\"elementor-divider\">\n\t\t\t<span class=\"elementor-divider-separator\">\n\t\t\t\t\t\t<\/span>\n\t\t<\/div>\n\t\t\t\t<\/div>\n\t\t\t\t<\/div>\n\t\t            <\/div>\n                <\/div>\n        <\/div>\n        \t\t            <\/div>\n\t\t        <\/div>\n        <\/section>\n\t\t        <section class=\"elementor-section elementor-top-section elementor-element elementor-element-e0c386c elementor-section-stretched elementor-section-boxed elementor-section-height-default elementor-section-height-default\" data-id=\"e0c386c\" data-element_type=\"section\" data-settings=\"{&quot;stretch_section&quot;:&quot;section-stretched&quot;,&quot;background_background&quot;:&quot;classic&quot;}\">\n\t\t\n\t\t        <div class=\"elementor-container elementor-column-gap-extended \" >\n\t\t            <div class=\"elementor-row\">\n\t\t        <div class=\"elementor-column elementor-col-25 elementor-top-column elementor-element elementor-element-5a7cf70f\" data-id=\"5a7cf70f\" data-element_type=\"column\">\n        <div class=\"elementor-column-wrap elementor-element-populated\">\n                            <div class=\"elementor-widget-wrap\">\n                \t\t<div class=\"elementor-element elementor-element-51aab162 elementor-widget elementor-widget-heading\" data-id=\"51aab162\" data-element_type=\"widget\" data-widget_type=\"heading.default\">\n\t\t\t\t<div class=\"elementor-widget-container\">\n\t\t\t<h3 class=\"elementor-heading-title elementor-size-default\">DIRECCI\u00d3<\/h3>\t\t<\/div>\n\t\t\t\t<\/div>\n\t\t\t\t<div class=\"elementor-element elementor-element-56ccea80 elementor-widget-divider--view-line elementor-widget elementor-widget-divider\" data-id=\"56ccea80\" data-element_type=\"widget\" data-widget_type=\"divider.default\">\n\t\t\t\t<div class=\"elementor-widget-container\">\n\t\t\t\t\t<div class=\"elementor-divider\">\n\t\t\t<span class=\"elementor-divider-separator\">\n\t\t\t\t\t\t<\/span>\n\t\t<\/div>\n\t\t\t\t<\/div>\n\t\t\t\t<\/div>\n\t\t\t\t<div class=\"elementor-element elementor-element-20c55055 elementor-widget elementor-widget-text-editor\" data-id=\"20c55055\" data-element_type=\"widget\" data-widget_type=\"text-editor.default\">\n\t\t\t\t<div class=\"elementor-widget-container\">\n\t\t\t\t\t\t\t\t<div class=\"elementor-text-editor elementor-clearfix\">\n\t\t\t\t<p class=\"Estilo5 Estilo1 Estilo3\" align=\"left\">Pol\u00edgon Industrial Can Castells<br>Carrer Ind\u00fastria 101, Nau E<br>08420 Canovelles, Barcelona<\/p>\t\t\t\t\t<\/div>\n\t\t\t\t\t\t<\/div>\n\t\t\t\t<\/div>\n\t\t            <\/div>\n                <\/div>\n        <\/div>\n                <div class=\"elementor-column elementor-col-25 elementor-top-column elementor-element elementor-element-5ea243b1\" data-id=\"5ea243b1\" data-element_type=\"column\">\n        <div class=\"elementor-column-wrap elementor-element-populated\">\n                            <div class=\"elementor-widget-wrap\">\n                \t\t<div class=\"elementor-element elementor-element-1a619abf elementor-widget elementor-widget-heading\" data-id=\"1a619abf\" data-element_type=\"widget\" data-widget_type=\"heading.default\">\n\t\t\t\t<div class=\"elementor-widget-container\">\n\t\t\t<h3 class=\"elementor-heading-title elementor-size-default\">CONTACTE<\/h3>\t\t<\/div>\n\t\t\t\t<\/div>\n\t\t\t\t<div class=\"elementor-element elementor-element-15b0984a elementor-widget-divider--view-line elementor-widget elementor-widget-divider\" data-id=\"15b0984a\" data-element_type=\"widget\" data-widget_type=\"divider.default\">\n\t\t\t\t<div class=\"elementor-widget-container\">\n\t\t\t\t\t<div class=\"elementor-divider\">\n\t\t\t<span class=\"elementor-divider-separator\">\n\t\t\t\t\t\t<\/span>\n\t\t<\/div>\n\t\t\t\t<\/div>\n\t\t\t\t<\/div>\n\t\t\t\t<div class=\"elementor-element elementor-element-7e833b7e elementor-widget elementor-widget-text-editor\" data-id=\"7e833b7e\" data-element_type=\"widget\" data-widget_type=\"text-editor.default\">\n\t\t\t\t<div class=\"elementor-widget-container\">\n\t\t\t\t\t\t\t\t<div class=\"elementor-text-editor elementor-clearfix\">\n\t\t\t\t<p class=\"Estilo5 Estilo1 Estilo3\" align=\"left\">T. 938 616 970 | F. 938 616 971<br \/>stiv@stiv.cat<\/p>\t\t\t\t\t<\/div>\n\t\t\t\t\t\t<\/div>\n\t\t\t\t<\/div>\n\t\t            <\/div>\n                <\/div>\n        <\/div>\n                <div class=\"elementor-column elementor-col-25 elementor-top-column elementor-element elementor-element-7d1660f8\" data-id=\"7d1660f8\" data-element_type=\"column\">\n        <div class=\"elementor-column-wrap elementor-element-populated\">\n                            <div class=\"elementor-widget-wrap\">\n                \t\t<div class=\"elementor-element elementor-element-33042d87 elementor-widget elementor-widget-heading\" data-id=\"33042d87\" data-element_type=\"widget\" data-widget_type=\"heading.default\">\n\t\t\t\t<div class=\"elementor-widget-container\">\n\t\t\t<h3 class=\"elementor-heading-title elementor-size-default\">XARXES SOCIALS<\/h3>\t\t<\/div>\n\t\t\t\t<\/div>\n\t\t\t\t<div class=\"elementor-element elementor-element-5caa58c9 elementor-widget-divider--view-line elementor-widget elementor-widget-divider\" data-id=\"5caa58c9\" data-element_type=\"widget\" data-widget_type=\"divider.default\">\n\t\t\t\t<div class=\"elementor-widget-container\">\n\t\t\t\t\t<div class=\"elementor-divider\">\n\t\t\t<span class=\"elementor-divider-separator\">\n\t\t\t\t\t\t<\/span>\n\t\t<\/div>\n\t\t\t\t<\/div>\n\t\t\t\t<\/div>\n\t\t\t\t<div class=\"elementor-element elementor-element-1a4a70b3 elementor-shape-square e-grid-align-left elementor-grid-0 elementor-widget elementor-widget-social-icons\" data-id=\"1a4a70b3\" data-element_type=\"widget\" data-widget_type=\"social-icons.default\">\n\t\t\t\t<div class=\"elementor-widget-container\">\n\t\t\t\t\t<div class=\"elementor-social-icons-wrapper elementor-grid\">\n\t\t\t\t\t\t\t<span class=\"elementor-grid-item\">\n\t\t\t\t\t<a class=\"elementor-icon elementor-social-icon elementor-social-icon-facebook elementor-repeater-item-1422216\" href=\"https:\/\/www.facebook.com\/STIV-SL-136288779784173\/?fref=ts\" target=\"_blank\">\n\t\t\t\t\t\t<span class=\"elementor-screen-only\">Facebook<\/span>\n\t\t\t\t\t\t<i class=\"fab fa-facebook\"><\/i>\t\t\t\t\t<\/a>\n\t\t\t\t<\/span>\n\t\t\t\t\t\t\t<span class=\"elementor-grid-item\">\n\t\t\t\t\t<a class=\"elementor-icon elementor-social-icon elementor-social-icon-instagram elementor-repeater-item-4ca76cb\" href=\"https:\/\/instagram.com\/stiv_enginyeria?igshid=bw394ujpfw2l\" target=\"_blank\">\n\t\t\t\t\t\t<span class=\"elementor-screen-only\">Instagram<\/span>\n\t\t\t\t\t\t<i class=\"fab fa-instagram\"><\/i>\t\t\t\t\t<\/a>\n\t\t\t\t<\/span>\n\t\t\t\t\t\t\t<span class=\"elementor-grid-item\">\n\t\t\t\t\t<a class=\"elementor-icon elementor-social-icon elementor-social-icon-linkedin elementor-repeater-item-593dfeb\" href=\"https:\/\/www.linkedin.com\/company\/1226325\" target=\"_blank\">\n\t\t\t\t\t\t<span class=\"elementor-screen-only\">Linkedin<\/span>\n\t\t\t\t\t\t<i class=\"fab fa-linkedin\"><\/i>\t\t\t\t\t<\/a>\n\t\t\t\t<\/span>\n\t\t\t\t\t<\/div>\n\t\t\t\t<\/div>\n\t\t\t\t<\/div>\n\t\t            <\/div>\n                <\/div>\n        <\/div>\n                <div class=\"elementor-column elementor-col-25 elementor-top-column elementor-element elementor-element-20d0ee82\" data-id=\"20d0ee82\" data-element_type=\"column\">\n        <div class=\"elementor-column-wrap elementor-element-populated\">\n                            <div class=\"elementor-widget-wrap\">\n                \t\t<div class=\"elementor-element elementor-element-12d6b1b1 elementor-widget elementor-widget-heading\" data-id=\"12d6b1b1\" data-element_type=\"widget\" data-widget_type=\"heading.default\">\n\t\t\t\t<div class=\"elementor-widget-container\">\n\t\t\t<h3 class=\"elementor-heading-title elementor-size-default\">P\u00c0GINES<\/h3>\t\t<\/div>\n\t\t\t\t<\/div>\n\t\t\t\t<div class=\"elementor-element elementor-element-1945abaa elementor-widget-divider--view-line elementor-widget elementor-widget-divider\" data-id=\"1945abaa\" data-element_type=\"widget\" data-widget_type=\"divider.default\">\n\t\t\t\t<div class=\"elementor-widget-container\">\n\t\t\t\t\t<div class=\"elementor-divider\">\n\t\t\t<span class=\"elementor-divider-separator\">\n\t\t\t\t\t\t<\/span>\n\t\t<\/div>\n\t\t\t\t<\/div>\n\t\t\t\t<\/div>\n\t\t            <\/div>\n                <\/div>\n        <\/div>\n        \t\t            <\/div>\n\t\t        <\/div>\n        <\/section>\n\t\t        <section class=\"elementor-section elementor-top-section elementor-element elementor-element-7bf433ad elementor-section-stretched elementor-section-boxed elementor-section-height-default elementor-section-height-default\" data-id=\"7bf433ad\" data-element_type=\"section\" data-settings=\"{&quot;stretch_section&quot;:&quot;section-stretched&quot;,&quot;background_background&quot;:&quot;classic&quot;}\">\n\t\t\n\t\t        <div class=\"elementor-container elementor-column-gap-extended \" >\n\t\t            <div class=\"elementor-row\">\n\t\t        <div class=\"elementor-column elementor-col-50 elementor-top-column elementor-element elementor-element-3de0d256\" data-id=\"3de0d256\" data-element_type=\"column\">\n        <div class=\"elementor-column-wrap elementor-element-populated\">\n                            <div class=\"elementor-widget-wrap\">\n                \t\t<div class=\"elementor-element elementor-element-c3a972e elementor-widget elementor-widget-text-editor\" data-id=\"c3a972e\" data-element_type=\"widget\" data-widget_type=\"text-editor.default\">\n\t\t\t\t<div class=\"elementor-widget-container\">\n\t\t\t\t\t\t\t\t<div class=\"elementor-text-editor elementor-clearfix\">\n\t\t\t\t<p>Copyright 2020 \u00ae STIV &#8211; Serveis T\u00e8cnics Industrials del Vall\u00e8s S.L. | All Rights Reserved<\/p>\t\t\t\t\t<\/div>\n\t\t\t\t\t\t<\/div>\n\t\t\t\t<\/div>\n\t\t            <\/div>\n                <\/div>\n        <\/div>\n                <div class=\"elementor-column elementor-col-50 elementor-top-column elementor-element elementor-element-796ab7ae\" data-id=\"796ab7ae\" data-element_type=\"column\">\n        <div class=\"elementor-column-wrap elementor-element-populated\">\n                            <div class=\"elementor-widget-wrap\">\n                \t\t<div class=\"elementor-element elementor-element-7b75f8d9 elementor-widget elementor-widget-html\" data-id=\"7b75f8d9\" data-element_type=\"widget\" data-widget_type=\"html.default\">\n\t\t\t\t<div class=\"elementor-widget-container\">\n\t\t\t<div style=\"text-align:right;\">\n<a style=\"color:#fff;\" href=\"\/ca\/politica-de-privacitat\">Pol\u00edtica de privacitat<\/a> | <a style=\"color:#fff;\" href=\"\/ca\/politica-de-cookies\">Politica de cookies<\/a> | <a style=\"color:#fff;\" href=\"\/ca\/avis-legal\">Avis legal<\/a>    \n<\/div>\t\t<\/div>\n\t\t\t\t<\/div>\n\t\t            <\/div>\n                <\/div>\n        <\/div>\n        \t\t            <\/div>\n\t\t        <\/div>\n        <\/section>\n\t\t\t\t\t\t\t\t\t<\/div>\n\t\t\t<\/div>\n\t\t\t\t\t<\/div>\n\t\t","protected":false},"excerpt":{"rendered":"<p>TRUCA O OMPLE EL FORMULARI Per a contactar amb nosaltres, si us plau, ompliu el seg\u00fcent formulari amb els vostres detalls, i us respondrem amb la major rapidesa possible. He leido y acepto la Pol\u00edtica de privacitat \u0394 STIV SERVEIS T\u00c8CNICS INDUSTRIALS DEL VALL\u00c8S Direcci\u00f3: Pol\u00edgon Industrial Can Castells Carrer: Ind\u00fastria 101, Nau E Ciutat [&hellip;]<\/p>\n","protected":false},"author":1,"featured_media":0,"parent":0,"menu_order":0,"comment_status":"closed","ping_status":"closed","template":"","meta":[],"yoast_head":"<!-- This site is optimized with the Yoast SEO Premium plugin v15.2 - https:\/\/yoast.com\/wordpress\/plugins\/seo\/ -->\n<title>Contacte - STIV - Serveis T\u00e8cnics Industrials del Vall\u00e8s<\/title>\n<meta name=\"description\" content=\"Posa&#039;t en contacte amb STIV. Descobreix la nostra ubicaci\u00f3 o omple el nostre formulari de contacte. T&#039;atendrem amb la m\u00e0xima rapidesa possible\" \/>\n<meta name=\"robots\" content=\"index, follow, max-snippet:-1, max-image-preview:large, max-video-preview:-1\" \/>\n<link rel=\"canonical\" href=\"https:\/\/stiv.cat\/ca\/contacte\/\" \/>\n<meta property=\"og:locale\" content=\"ca_ES\" \/>\n<meta property=\"og:type\" content=\"article\" \/>\n<meta property=\"og:title\" content=\"Contacte - STIV - Serveis T\u00e8cnics Industrials del Vall\u00e8s\" \/>\n<meta property=\"og:description\" content=\"Posa&#039;t en contacte amb STIV. Descobreix la nostra ubicaci\u00f3 o omple el nostre formulari de contacte. T&#039;atendrem amb la m\u00e0xima rapidesa possible\" \/>\n<meta property=\"og:url\" content=\"https:\/\/stiv.cat\/ca\/contacte\/\" \/>\n<meta property=\"og:site_name\" content=\"STIV\" \/>\n<meta property=\"article:modified_time\" content=\"2024-01-25T11:14:52+00:00\" \/>\n<meta name=\"twitter:card\" content=\"summary_large_image\" \/>\n<meta name=\"twitter:label1\" value=\"Escrit per\">\n\t<meta name=\"twitter:data1\" value=\"albert\">\n\t<meta name=\"twitter:label2\" value=\"Temps estimat de lectura\">\n\t<meta name=\"twitter:data2\" value=\"0 minuts\">\n<script type=\"application\/ld+json\" class=\"yoast-schema-graph\">{\"@context\":\"https:\/\/schema.org\",\"@graph\":[{\"@type\":\"WebSite\",\"@id\":\"https:\/\/stiv.cat\/ca\/#website\",\"url\":\"https:\/\/stiv.cat\/ca\/\",\"name\":\"STIV\",\"description\":\"Serveis T\\u00e8cnics Industrials del Vall\\u00e8s, S.L\",\"potentialAction\":[{\"@type\":\"SearchAction\",\"target\":\"https:\/\/stiv.cat\/ca\/?s={search_term_string}\",\"query-input\":\"required name=search_term_string\"}],\"inLanguage\":\"ca\"},{\"@type\":\"WebPage\",\"@id\":\"https:\/\/stiv.cat\/ca\/contacte\/#webpage\",\"url\":\"https:\/\/stiv.cat\/ca\/contacte\/\",\"name\":\"Contacte - STIV - Serveis T\\u00e8cnics Industrials del Vall\\u00e8s\",\"isPartOf\":{\"@id\":\"https:\/\/stiv.cat\/ca\/#website\"},\"datePublished\":\"2020-09-23T10:31:15+00:00\",\"dateModified\":\"2024-01-25T11:14:52+00:00\",\"description\":\"Posa't en contacte amb STIV. Descobreix la nostra ubicaci\\u00f3 o omple el nostre formulari de contacte. T'atendrem amb la m\\u00e0xima rapidesa possible\",\"inLanguage\":\"ca\",\"potentialAction\":[{\"@type\":\"ReadAction\",\"target\":[\"https:\/\/stiv.cat\/ca\/contacte\/\"]}]}]}<\/script>\n<!-- \/ Yoast SEO Premium plugin. -->","_links":{"self":[{"href":"https:\/\/stiv.cat\/ca\/wp-json\/wp\/v2\/pages\/1685"}],"collection":[{"href":"https:\/\/stiv.cat\/ca\/wp-json\/wp\/v2\/pages"}],"about":[{"href":"https:\/\/stiv.cat\/ca\/wp-json\/wp\/v2\/types\/page"}],"author":[{"embeddable":true,"href":"https:\/\/stiv.cat\/ca\/wp-json\/wp\/v2\/users\/1"}],"replies":[{"embeddable":true,"href":"https:\/\/stiv.cat\/ca\/wp-json\/wp\/v2\/comments?post=1685"}],"version-history":[{"count":0,"href":"https:\/\/stiv.cat\/ca\/wp-json\/wp\/v2\/pages\/1685\/revisions"}],"wp:attachment":[{"href":"https:\/\/stiv.cat\/ca\/wp-json\/wp\/v2\/media?parent=1685"}],"curies":[{"name":"wp","href":"https:\/\/api.w.org\/{rel}","templated":true}]}}