{"id":2133,"date":"2020-11-11T12:59:16","date_gmt":"2020-11-11T12:59:16","guid":{"rendered":"http:\/\/www.stiv.es\/politica-de-cookies\/"},"modified":"2025-01-17T12:50:29","modified_gmt":"2025-01-17T10:50:29","slug":"politica-de-cookies","status":"publish","type":"page","link":"https:\/\/stiv.cat\/ca\/politica-de-cookies\/","title":{"rendered":"POL\u00cdTICA DE GALETES"},"content":{"rendered":"<h4>Informaci\u00f3 General de les galetes<\/h4>\n<p>La confian\u00e7a de l&#8217;usuari \u00e9s essencial per a nosaltres, i per aix\u00f2, a <strong>SERVEIS T\u00c8CNICS INDUSTRIALS DEL VALL\u00c8S, S.L.<\/strong>, ens preocupa protegir la teva privacitat. Un aspecte crucial d&#8217;aix\u00f2 \u00e9s proporcionar-te tota la informaci\u00f3 necess\u00e0ria sobre com gestionem les dades personals.<\/p>\n<p>L&#8217;emmagatzematge local de dades implica guardar diversos tipus de dades directament en el seu dispositiu mitjan\u00e7ant el navegador web. Aquestes dades emmagatzemades localment poden incloure la configuraci\u00f3 de l&#8217;usuari, informaci\u00f3 sobre com navega pel nostre lloc web, quin navegador utilitza, quins anuncis s&#8217;han mostrat i comportaments similars als llocs web amb els que col\u00b7laborem. Aquestes dades locals serveixen per personalitzar el contingut i les funcionalitats dels nostres serveis, amb l&#8217;objectiu de fer les seves visites m\u00e9s c\u00f2modes i significatives<\/p>\n<p>Un m\u00e8tode d&#8217;emmagatzematge local de dades s\u00f3n les galetes. Les cookies s\u00f3n petits arxius de text que s&#8217;emmagatzemen al seu dispositiu (PC, tel\u00e8fon m\u00f2bil o tauleta) i que ens permeten recon\u00e8ixer el seu navegador web. Les galetes contenen principalment informaci\u00f3 sobre el seu navegador web i sobre qualsevol activitat que s&#8217;hagi produ\u00eft en ell. Ens ajuden a garantir la seguretat i el funcionament \u00f2ptim del nostre lloc web. Un cop surt del nostre lloc web, algunes d&#8217;aquestes s\u00f3n eliminades (galetes de seguretat i galetes de sessi\u00f3), mentre que altres recopilen informaci\u00f3 sobre els productes que li interessen a les seves visites a internet i com navega pel nostre lloc web, amb l&#8217;objectiu que les nostres ofertes en l\u00ednia siguin m\u00e9s atractives per als usuaris (cookies de seguiment).<\/p>\n<p><strong>Informaci\u00f3 complement\u00e0ria de les galetes<br \/>\n<\/strong>Utilitzem l&#8217;emmagatzematge local de dades per a diversos fins, com ara: permetre&#8217;ns realitzar els nostres serveis; aportar contingut pertinent, personalitzat quan visiteu els nostres llocs web; mesurar i analitzar el tr\u00e0nsit al nostre lloc web; millorar els nostres serveis; i dirigir publicitat espec\u00edfica a:<\/p>\n<ul>\n<li>Per a la nostra publicitat: Utilitzem l&#8217;emmagatzematge local de dades en relaci\u00f3 amb les activitats publicit\u00e0ries per saber si i amb quina freq\u00fc\u00e8ncia l&#8217;usuari ha vist un anunci o un tipus espec\u00edfic d&#8217;anunci, aix\u00ed com el temps transcorregut des que va veure l&#8217;anunci. Aquesta informaci\u00f3 ens ajuda a construir segments i grups objectiu per a fins de m\u00e0rqueting i per dirigir anuncis espec\u00edfics.<\/li>\n<li>Per analitzar i millorar els nostres serveis: Fem servir diverses eines de mesura que proporcionen estad\u00edstiques i an\u00e0lisis dels nostres serveis. Aquestes eines ens permeten recon\u00e8ixer el navegador web al llarg del temps i determinar si l&#8217;usuari ha visitat el lloc web anteriorment i amb quina freq\u00fc\u00e8ncia. Aquesta informaci\u00f3 ens ofereix una visi\u00f3 general de quants usuaris \u00fanics tenim i com utilitzen els nostres serveis. Tamb\u00e9 l&#8217;utilitzem per desenvolupar i millorar els nostres serveis, com ara identificar quins serveis generen m\u00e9s tr\u00e0nsit i assegurar-nos que tots els serveis funcionen de manera \u00f2ptima.<\/li>\n<li>Per lliurar i adaptar els serveis al seu \u00fas: L&#8217;emmagatzematge local de dades \u00e9s necessari per permetre l&#8217;\u00fas dels nostres serveis, ja que cont\u00e9 informaci\u00f3 sobre la configuraci\u00f3 que ens diu com presentar els serveis al navegador web. Tamb\u00e9 utilitzem l&#8217;emmagatzematge local de dades per adaptar els nostres serveis al seu \u00fas de la millor manera possible.<\/li>\n<\/ul>\n<h4><strong>Gesti\u00f3 de les galetes<\/strong><\/h4>\n<p>A continuaci\u00f3, se li presenta un resum de com les dades emmagatzemades localment poden ser gestionats en diferents navegadors web. Recordeu que aquest proc\u00e9s pot canviar i que les descripcions donades aqu\u00ed poden no estar actualitzades.<\/p>\n<p>Pot desactivar les galetes o configurar el seu navegador perqu\u00e8 l&#8217;avisi quan s&#8217;envi\u00ef una galeta.<\/p>\n<p>La configuraci\u00f3 del seu navegador web normalment mostra una llista de totes les galetes emmagatzemades, oferint-li una visi\u00f3 general i permetent-li eliminar-ne les que no desitgi. Generalment, pot indicar si accepta o no l&#8217;emmagatzematge de galetes dels llocs web que visita o dels tercers afiliats a aquests llocs web. Tamb\u00e9 pot triar rebre una notificaci\u00f3 cada vegada que s&#8217;emmagatzemi una nova galeta. A continuaci\u00f3, li proporcionem orientaci\u00f3 sobre com fer-ho en diferents navegadors web. Les galetes es solen emmagatzemar en una carpeta espec\u00edfica al disc dur del seu navegador, cosa que li permet explorar-ne el contingut amb m\u00e9s detall.<\/p>\n<p>No obstant aix\u00f2, les galetes presents en el lloc web poden canviar sovint i no totes tenen la mateixa import\u00e0ncia. En cas que <strong>SERVEIS T\u00c8CNICS INDUSTRIALS DEL VALLES S.L<\/strong> modifiqui l&#8217;\u00fas de les galetes de seguiment, se li notificar\u00e0 amb un missatge.<\/p>\n<p>A m\u00e9s, hi ha serveis especials desenvolupats per proporcionar als usuaris una llista actualitzada de galetes i altres mecanismes de seguiment disponibles.<\/p>\n<p>Cal tenir en compte que, si desactiva les galetes, pot ser que no pugui gaudir de totes les funcionalitats del nostre lloc web. A continuaci\u00f3, li presentem un resum de com gestionar les dades emmagatzemades localment en diferents navegadors web. Tingui en compte que aquest procediment pot canviar, i les descripcions aqu\u00ed proporcionades poden no estar actualitzades.<\/p>\n<h4>Gesti\u00f3 de galetes a Google Chrome<\/h4>\n<p>Com eliminar cookies:<\/p>\n<ol>\n<li style=\"list-style-type: none;\">\n<ol>\n<li>Aneu a Configuraci\u00f3 al men\u00fa del seu navegador.<\/li>\n<li>Fes clic a Mostra configuraci\u00f3 avan\u00e7ada.<\/li>\n<li>Feu clic a Elimina les dades de navegaci\u00f3.<\/li>\n<li>Selecciona el per\u00edode de temps per al que vols suprimir la informaci\u00f3 en el men\u00fa a la part superior. Si voleu suprimir totes les galetes al navegador, fes clic Des de l&#8217;origen dels temps.<\/li>\n<li>Marca Galetes i altres dades de llocs i complements.<\/li>\n<li>Feu clic a Neteja dades de navegaci\u00f3.<\/li>\n<li>Tanca la finestra.<\/li>\n<\/ol>\n<\/li>\n<\/ol>\n<p>Com evitar que les galetes s&#8217;emmagatzemin al navegador web:<\/p>\n<ol>\n<li style=\"list-style-type: none;\">\n<ol>\n<li>Aneu a Configuraci\u00f3 al men\u00fa del navegador.<\/li>\n<li>Fes clic a Mostra configuraci\u00f3 avan\u00e7ada i despr\u00e9s fes clic a Configuraci\u00f3 de contingut.<\/li>\n<li>En Galetes, selecciona la teva opci\u00f3 preferida. Si voleu evitar que totes les galetes s&#8217;emmagatzemin, feu clic a No permetre que es guardin dades dels llocs.<\/li>\n<li>Feu clic a Fet.<\/li>\n<li>Tanca la finestra.<\/li>\n<\/ol>\n<\/li>\n<\/ol>\n<h4>Gesti\u00f3 de cookies a Safari<\/h4>\n<p>Com eliminar cookies:<\/p>\n<ol>\n<li style=\"list-style-type: none;\">\n<ol>\n<li>Anar a Prefer\u00e8ncies al men\u00fa del seu navegador.<\/li>\n<li>Feu clic a la pestanya Privadesa.<\/li>\n<li>Fes clic a Elimina totes les dades dels llocs web i despr\u00e9s fes clic a Suprimeix per eliminar totes les galetes.<\/li>\n<li>Tanca la finestra.<\/li>\n<\/ol>\n<\/li>\n<\/ol>\n<p>Com evitar que les galetes s&#8217;emmagatzemin al seu navegador web:<\/p>\n<ol>\n<li style=\"list-style-type: none;\">\n<ol>\n<li>Anar a Prefer\u00e8ncies al men\u00fa del navegador<\/li>\n<li>Feu clic a la pestanya Privadesa.<\/li>\n<li>En Galetes i dades de llocs web selecciona la teva opci\u00f3 preferida. Si vols evitar que totes les galetes s&#8217;emmagatzemin, fes clic a Bloca sempre.<\/li>\n<li>Tanca la finestra.<\/li>\n<\/ol>\n<\/li>\n<\/ol>\n<h4>Gesti\u00f3 de cookies a Mozilla Firefox<\/h4>\n<p>Com eliminar cookies:<\/p>\n<ol>\n<li style=\"list-style-type: none;\">\n<ol>\n<li>Anar a Opcions al men\u00fa del seu navegador.<\/li>\n<li>Feu clic a la pestanya Privadesa.<\/li>\n<li>Feu clic a Mostra les galetes.<\/li>\n<li>Selecciona les galetes que vols eliminar i feu clic a Suprimeix seleccionades. Fes clic a Elimina-ho tot si voleu suprimir totes les galetes al navegador web.<\/li>\n<li>Tanca la finestra. Qualsevol canvi que hagis fet es guardar\u00e0 autom\u00e0ticament.<\/li>\n<\/ol>\n<\/li>\n<\/ol>\n<p>Com evitar que les galetes s&#8217;emmagatzemin al navegador web:<\/p>\n<ol>\n<li style=\"list-style-type: none;\">\n<ol>\n<li>Anar a Configuraci\u00f3 al men\u00fa del navegador.<\/li>\n<li>Seleccioneu la pestanya Privadesa.<\/li>\n<li>En hist\u00f2ric, fes clic a Utilitza una configuraci\u00f3 personalitzada per l&#8217;historial.<\/li>\n<li>Selecciona les teves opcions preferides a Permet galetes de llocs web. Si vols evitar que totes les galetes s&#8217;emmagatzemin, desactiva la casella Accepta galetes de llocs web.<\/li>\n<li>Tanca la finestra. Qualsevol canvi que hagis fet es guardar\u00e0 autom\u00e0ticament.<\/li>\n<\/ol>\n<\/li>\n<\/ol>\n<h4>Gestin de cookies a Internet Explorer<\/h4>\n<p>Com eliminar cookies:<\/p>\n<ol>\n<li style=\"list-style-type: none;\">\n<ol>\n<li>Anar a Eines (icona de l&#8217;engranatge) al men\u00fa del navegador.<\/li>\n<li>Fes clic a Propietats d&#8217;Internet.<\/li>\n<li>A la pestanya General &#8211; Historial de navegaci\u00f3, feu clic a Suprimeix.<\/li>\n<li>Assegura&#8217;t de marcar l&#8217;opci\u00f3 Galetes i dades de llocs web.<\/li>\n<li>Feu clic a Elimina.<\/li>\n<li>Fes clic a D&#8217;acord.<\/li>\n<\/ol>\n<\/li>\n<\/ol>\n<p>Com evitar que les galetes s&#8217;emmagatzemin al seu navegador web:<\/p>\n<ol>\n<li style=\"list-style-type: none;\">\n<ol>\n<li>Anar a Eines (icona de l&#8217;engranatge) al men\u00fa del navegador.<\/li>\n<li>Feu clic a Opcions d&#8217;Internet i despr\u00e9s fes clic a la pestanya Privadesa.<\/li>\n<li>Mou el bot\u00f3 de despla\u00e7ament a el nivell desitjat. Si vols evitar que totes les galetes s&#8217;emmagatzemin, selecciona el nivell Bloqueja totes les galetes.<\/li>\n<li>Fes clic a D&#8217;acord.<\/li>\n<\/ol>\n<\/li>\n<\/ol>\n<h4>Gesti\u00f3 de cookies al Opera<\/h4>\n<p>Com eliminar cookies:<\/p>\n<ol>\n<li style=\"list-style-type: none;\">\n<ol>\n<li>Anar a Configuraci\u00f3 al men\u00fa del navegador.<\/li>\n<li>Seleccioneu la pestanya de Privadesa i Seguretat.<\/li>\n<li>Fes clic a Galetes i despr\u00e9s fes clic a Totes les galetes i dades de llocs web.<\/li>\n<li>Selecciona les galetes que vols eliminar i feu clic a Suprimeix. Fes clic a Elimina-ho tot si voleu suprimir totes les galetes al navegador web.<\/li>\n<li>Feu clic a Fet.<\/li>\n<li>Tanca la finestra.<\/li>\n<\/ol>\n<\/li>\n<\/ol>\n<p>Com evitar que les galetes s&#8217;emmagatzemin al seu navegador web:<\/p>\n<ol>\n<li style=\"list-style-type: none;\">\n<ol>\n<li>Anar a Configuraci\u00f3 al men\u00fa del navegador.<\/li>\n<li>Seleccioneu la pestanya de Privadesa i Seguretat.<\/li>\n<\/ol>\n<\/li>\n<\/ol>\n<p>En Galetes, selecciona la teva opci\u00f3 preferida. Si vols evitar que totes les galetes s&#8217;emmagatzemin, fes clic a No permetre que es guardin dades dels llocs.<\/p>\n<ol>\n<li style=\"list-style-type: none;\">\n<ol>\n<li>Tanca la finestra.<\/li>\n<\/ol>\n<\/li>\n<\/ol>\n<h4>Informaci\u00f3 de contacte<\/h4>\n<p>Per a m\u00e9s transpar\u00e8ncia, si t\u00e9 alguna pregunta relativa a l&#8217;\u00fas de l&#8217;emmagatzematge local del nostre lloc web, poseu-vos en contacte amb nosaltres a <strong> recepcio@stiv.cat <\/strong>, indicant en l&#8217;assumpte &#8220;Pol\u00edtica de galetes&#8221;<\/p>\n","protected":false},"excerpt":{"rendered":"<p>Informaci\u00f3 General de les galetes La confian\u00e7a de l&#8217;usuari \u00e9s essencial per a nosaltres, i per aix\u00f2, a SERVEIS T\u00c8CNICS INDUSTRIALS DEL VALL\u00c8S, S.L., ens preocupa protegir la teva privacitat. Un aspecte crucial d&#8217;aix\u00f2 \u00e9s proporcionar-te tota la informaci\u00f3 necess\u00e0ria sobre com gestionem les dades personals. L&#8217;emmagatzematge local de dades implica guardar diversos tipus de [&hellip;]<\/p>\n","protected":false},"author":1,"featured_media":0,"parent":0,"menu_order":0,"comment_status":"closed","ping_status":"open","template":"","meta":[],"yoast_head":"<!-- This site is optimized with the Yoast SEO Premium plugin v15.2 - https:\/\/yoast.com\/wordpress\/plugins\/seo\/ -->\n<title>POL\u00cdTICA DE GALETES - STIV<\/title>\n<meta name=\"robots\" content=\"index, follow, max-snippet:-1, max-image-preview:large, max-video-preview:-1\" \/>\n<link rel=\"canonical\" href=\"https:\/\/stiv.cat\/ca\/politica-de-cookies\/\" \/>\n<meta property=\"og:locale\" content=\"ca_ES\" \/>\n<meta property=\"og:type\" content=\"article\" \/>\n<meta property=\"og:title\" content=\"POL\u00cdTICA DE GALETES - STIV\" \/>\n<meta property=\"og:description\" content=\"Informaci\u00f3 General de les galetes La confian\u00e7a de l&#8217;usuari \u00e9s essencial per a nosaltres, i per aix\u00f2, a SERVEIS T\u00c8CNICS INDUSTRIALS DEL VALL\u00c8S, S.L., ens preocupa protegir la teva privacitat. Un aspecte crucial d&#8217;aix\u00f2 \u00e9s proporcionar-te tota la informaci\u00f3 necess\u00e0ria sobre com gestionem les dades personals. L&#8217;emmagatzematge local de dades implica guardar diversos tipus de [&hellip;]\" \/>\n<meta property=\"og:url\" content=\"https:\/\/stiv.cat\/ca\/politica-de-cookies\/\" \/>\n<meta property=\"og:site_name\" content=\"STIV\" \/>\n<meta property=\"article:modified_time\" content=\"2025-01-17T10:50:29+00:00\" \/>\n<meta name=\"twitter:card\" content=\"summary_large_image\" \/>\n<meta name=\"twitter:label1\" value=\"Escrit per\">\n\t<meta name=\"twitter:data1\" value=\"albert\">\n\t<meta name=\"twitter:label2\" value=\"Temps estimat de lectura\">\n\t<meta name=\"twitter:data2\" value=\"6 minuts\">\n<script type=\"application\/ld+json\" class=\"yoast-schema-graph\">{\"@context\":\"https:\/\/schema.org\",\"@graph\":[{\"@type\":\"WebSite\",\"@id\":\"https:\/\/stiv.cat\/ca\/#website\",\"url\":\"https:\/\/stiv.cat\/ca\/\",\"name\":\"STIV\",\"description\":\"Serveis T\\u00e8cnics Industrials del Vall\\u00e8s, S.L\",\"potentialAction\":[{\"@type\":\"SearchAction\",\"target\":\"https:\/\/stiv.cat\/ca\/?s={search_term_string}\",\"query-input\":\"required name=search_term_string\"}],\"inLanguage\":\"ca\"},{\"@type\":\"WebPage\",\"@id\":\"https:\/\/stiv.cat\/ca\/politica-de-cookies\/#webpage\",\"url\":\"https:\/\/stiv.cat\/ca\/politica-de-cookies\/\",\"name\":\"POL\\u00cdTICA DE GALETES - STIV\",\"isPartOf\":{\"@id\":\"https:\/\/stiv.cat\/ca\/#website\"},\"datePublished\":\"2020-11-11T12:59:16+00:00\",\"dateModified\":\"2025-01-17T10:50:29+00:00\",\"inLanguage\":\"ca\",\"potentialAction\":[{\"@type\":\"ReadAction\",\"target\":[\"https:\/\/stiv.cat\/ca\/politica-de-cookies\/\"]}]}]}<\/script>\n<!-- \/ Yoast SEO Premium plugin. -->","_links":{"self":[{"href":"https:\/\/stiv.cat\/ca\/wp-json\/wp\/v2\/pages\/2133"}],"collection":[{"href":"https:\/\/stiv.cat\/ca\/wp-json\/wp\/v2\/pages"}],"about":[{"href":"https:\/\/stiv.cat\/ca\/wp-json\/wp\/v2\/types\/page"}],"author":[{"embeddable":true,"href":"https:\/\/stiv.cat\/ca\/wp-json\/wp\/v2\/users\/1"}],"replies":[{"embeddable":true,"href":"https:\/\/stiv.cat\/ca\/wp-json\/wp\/v2\/comments?post=2133"}],"version-history":[{"count":7,"href":"https:\/\/stiv.cat\/ca\/wp-json\/wp\/v2\/pages\/2133\/revisions"}],"predecessor-version":[{"id":2459,"href":"https:\/\/stiv.cat\/ca\/wp-json\/wp\/v2\/pages\/2133\/revisions\/2459"}],"wp:attachment":[{"href":"https:\/\/stiv.cat\/ca\/wp-json\/wp\/v2\/media?parent=2133"}],"curies":[{"name":"wp","href":"https:\/\/api.w.org\/{rel}","templated":true}]}}