{"id":2136,"date":"2020-11-11T12:58:04","date_gmt":"2020-11-11T12:58:04","guid":{"rendered":"http:\/\/www.stiv.es\/aviso-legal\/"},"modified":"2025-01-17T12:20:23","modified_gmt":"2025-01-17T10:20:23","slug":"legal-advice","status":"publish","type":"page","link":"https:\/\/stiv.cat\/en\/legal-advice\/","title":{"rendered":"LEGAL NOTICE"},"content":{"rendered":"<p><b>Purpose and Acceptance<\/b><\/p>\n<p>This legal notice governs the use of our website, owned by <strong>SERVEIS T\u00c8CNICS INDUSTRIALS DEL VALL\u00c8S S.L<\/strong>. Browsing the website of <strong>SERVEIS T\u00c8CNICS INDUSTRIALS DEL VALL\u00c8S SL<\/strong> grants you the status of a user and implies full and unreserved acceptance of each and every provision of this Legal Notice, which may be subject to change.<\/p>\n<p>You are obligated to use the website correctly in accordance with the law, good faith, public order, customary practices, and this Legal Notice. You are liable to <strong>SERVEIS T\u00c8CNICS INDUSTRIALS DEL VALL\u00c8S S.L<\/strong> or third parties for any damages caused as a result of non-compliance with these obligations.<\/p>\n<p>&nbsp;<\/p>\n<p><strong>Identification and Communication<\/strong><\/p>\n<p>In compliance with Law 34\/2002, of July 11, on Information Society Services and Electronic Commerce, <strong>SERVEIS T\u00c8CNICS INDUSTRIALS DEL VALL\u00c8S S.L<\/strong> provides the following information:<\/p>\n<ul>\n<li><strong>Corporate Name:<\/strong> SERVEIS T\u00c8CNICS INDUSTRIALS DEL VALL\u00c8S SL<\/li>\n<li><strong>Tax ID (CIF):<\/strong> B58981697<\/li>\n<li><strong>Registered Address:<\/strong> CALLE INDUSTRIA, 101 &#8211; (08420) CANOVELLES<\/li>\n<\/ul>\n<p>To contact us, you may use the communication methods outlined in our Privacy Policy.<\/p>\n<p>All notifications and communications made to <strong>SERVEIS T\u00c8CNICS INDUSTRIALS DEL VALL\u00c8S S.L<\/strong> will be deemed effective if conducted through the specified means.<\/p>\n<p>&nbsp;<\/p>\n<p><strong>Conditions of Access and Use<\/strong><\/p>\n<p>Access to the website and its services is free of charge. However, <strong>SERVEIS T\u00c8CNICS INDUSTRIALS DEL VALL\u00c8S S.L<\/strong> may condition the use of certain services to prior completion of a form.<\/p>\n<p>You guarantee the authenticity and accuracy of all data provided to <strong>SERVEIS T\u00c8CNICS INDUSTRIALS DEL VALL\u00c8S S.L<\/strong> and are solely responsible for any false or inaccurate statements you make.<\/p>\n<p>You expressly agree to use the contents and services of <strong>SERVEIS T\u00c8CNICS INDUSTRIALS DEL VALL\u00c8S S.L<\/strong> appropriately and to refrain from the following:<\/p>\n<ul>\n<li>Disseminating content that is criminal, violent, pornographic, racist, xenophobic, offensive, supportive of terrorism, or generally contrary to the law or public order.<\/li>\n<li>Introducing viruses or other malicious software into the network, damaging electronic documents or data of <strong>SERVEIS T\u00c8CNICS INDUSTRIALS DEL VALL\u00c8S S.L<\/strong> or third parties.<\/li>\n<li>Attempting unauthorized access to restricted areas or data of <strong>SERVEIS T\u00c8CNICS INDUSTRIALS DEL VALL\u00c8S S.L<\/strong> or third parties.<\/li>\n<li>Violating intellectual or industrial property rights.<\/li>\n<li>Impersonating other users or entities.<\/li>\n<li>Collecting data for advertising purposes without prior consent.<\/li>\n<\/ul>\n<p>All website content, including text, images, graphics, designs, source code, and trademarks, belongs to <strong>SERVEIS T\u00c8CNICS INDUSTRIALS DEL VALL\u00c8S S.L<\/strong> and is protected under intellectual property laws. Unauthorized use, reproduction, or distribution is prohibited.<\/p>\n<p>&nbsp;<\/p>\n<p><strong>Hyperlinks<\/strong><\/p>\n<p>Creating hyperlinks does not imply a relationship between <strong>SERVEIS T\u00c8CNICS INDUSTRIALS DEL VALL\u00c8S S.L<\/strong> and the linked website\u2019s owner. Written authorization is required to create hyperlinks<\/p>\n<p>&nbsp;<\/p>\n<p><strong>Exclusion of Warranties and Liability<\/strong><\/p>\n<p>To the extent permitted by law, <strong>SERVEIS T\u00c8CNICS INDUSTRIALS DEL VALL\u00c8S S.L<\/strong> excludes liability for:<\/p>\n<ul>\n<li>Website inaccessibility or content inaccuracies.<\/li>\n<li>Damage caused by viruses or harmful elements.<\/li>\n<li>Improper use of the website or violations of this Legal Notice.<\/li>\n<\/ul>\n<p>&nbsp;<\/p>\n<p><strong>Rights<\/strong><\/p>\n<ol>\n<li style=\"list-style-type: none;\"><\/li>\n<\/ol>\n<p>If you believe there are unlawful activities on the website, you may notify <strong>SERVEIS T\u00c8CNICS INDUSTRIALS DEL VALL\u00c8S S.L<\/strong> by providing accurate and verifiable information.<\/p>\n<p>Spanish law applies to any disputes related to this website, with jurisdiction in the courts near the company\u2019s headquarters.<\/p>\n","protected":false},"excerpt":{"rendered":"<p>Purpose and Acceptance This legal notice governs the use of our website, owned by SERVEIS T\u00c8CNICS INDUSTRIALS DEL VALL\u00c8S S.L. Browsing the website of SERVEIS T\u00c8CNICS INDUSTRIALS DEL VALL\u00c8S SL grants you the status of a user and implies full and unreserved acceptance of each and every provision of this Legal Notice, which may be [&hellip;]<\/p>\n","protected":false},"author":1,"featured_media":0,"parent":0,"menu_order":0,"comment_status":"closed","ping_status":"open","template":"","meta":[],"yoast_head":"<!-- This site is optimized with the Yoast SEO Premium plugin v15.2 - https:\/\/yoast.com\/wordpress\/plugins\/seo\/ -->\n<title>LEGAL NOTICE - STIV<\/title>\n<meta name=\"robots\" content=\"index, follow, max-snippet:-1, max-image-preview:large, max-video-preview:-1\" \/>\n<link rel=\"canonical\" href=\"https:\/\/stiv.cat\/en\/legal-advice\/\" \/>\n<meta property=\"og:locale\" content=\"en_US\" \/>\n<meta property=\"og:type\" content=\"article\" \/>\n<meta property=\"og:title\" content=\"LEGAL NOTICE - STIV\" \/>\n<meta property=\"og:description\" content=\"Purpose and Acceptance This legal notice governs the use of our website, owned by SERVEIS T\u00c8CNICS INDUSTRIALS DEL VALL\u00c8S S.L. Browsing the website of SERVEIS T\u00c8CNICS INDUSTRIALS DEL VALL\u00c8S SL grants you the status of a user and implies full and unreserved acceptance of each and every provision of this Legal Notice, which may be [&hellip;]\" \/>\n<meta property=\"og:url\" content=\"https:\/\/stiv.cat\/en\/legal-advice\/\" \/>\n<meta property=\"og:site_name\" content=\"STIV\" \/>\n<meta property=\"article:modified_time\" content=\"2025-01-17T10:20:23+00:00\" \/>\n<meta name=\"twitter:card\" content=\"summary_large_image\" \/>\n<meta name=\"twitter:label1\" value=\"Written by\">\n\t<meta name=\"twitter:data1\" value=\"albert\">\n\t<meta name=\"twitter:label2\" value=\"Est. reading time\">\n\t<meta name=\"twitter:data2\" value=\"2 minutes\">\n<script type=\"application\/ld+json\" class=\"yoast-schema-graph\">{\"@context\":\"https:\/\/schema.org\",\"@graph\":[{\"@type\":\"WebSite\",\"@id\":\"https:\/\/stiv.cat\/ca\/#website\",\"url\":\"https:\/\/stiv.cat\/ca\/\",\"name\":\"STIV\",\"description\":\"Serveis T\\u00e8cnics Industrials del Vall\\u00e8s, S.L\",\"potentialAction\":[{\"@type\":\"SearchAction\",\"target\":\"https:\/\/stiv.cat\/ca\/?s={search_term_string}\",\"query-input\":\"required name=search_term_string\"}],\"inLanguage\":\"en-US\"},{\"@type\":\"WebPage\",\"@id\":\"https:\/\/stiv.cat\/en\/legal-advice\/#webpage\",\"url\":\"https:\/\/stiv.cat\/en\/legal-advice\/\",\"name\":\"LEGAL NOTICE - STIV\",\"isPartOf\":{\"@id\":\"https:\/\/stiv.cat\/ca\/#website\"},\"datePublished\":\"2020-11-11T12:58:04+00:00\",\"dateModified\":\"2025-01-17T10:20:23+00:00\",\"inLanguage\":\"en-US\",\"potentialAction\":[{\"@type\":\"ReadAction\",\"target\":[\"https:\/\/stiv.cat\/en\/legal-advice\/\"]}]}]}<\/script>\n<!-- \/ Yoast SEO Premium plugin. -->","_links":{"self":[{"href":"https:\/\/stiv.cat\/en\/wp-json\/wp\/v2\/pages\/2136"}],"collection":[{"href":"https:\/\/stiv.cat\/en\/wp-json\/wp\/v2\/pages"}],"about":[{"href":"https:\/\/stiv.cat\/en\/wp-json\/wp\/v2\/types\/page"}],"author":[{"embeddable":true,"href":"https:\/\/stiv.cat\/en\/wp-json\/wp\/v2\/users\/1"}],"replies":[{"embeddable":true,"href":"https:\/\/stiv.cat\/en\/wp-json\/wp\/v2\/comments?post=2136"}],"version-history":[{"count":3,"href":"https:\/\/stiv.cat\/en\/wp-json\/wp\/v2\/pages\/2136\/revisions"}],"predecessor-version":[{"id":2456,"href":"https:\/\/stiv.cat\/en\/wp-json\/wp\/v2\/pages\/2136\/revisions\/2456"}],"wp:attachment":[{"href":"https:\/\/stiv.cat\/en\/wp-json\/wp\/v2\/media?parent=2136"}],"curies":[{"name":"wp","href":"https:\/\/api.w.org\/{rel}","templated":true}]}}