{"id":303,"date":"2026-05-05T17:13:18","date_gmt":"2026-05-05T15:13:18","guid":{"rendered":"http:\/\/stiv.cat.mialias.net\/contacte\/"},"modified":"2026-05-13T14:03:26","modified_gmt":"2026-05-13T12:03:26","slug":"contacte","status":"publish","type":"page","link":"https:\/\/stiv.cat\/en\/contacte\/","title":{"rendered":"Contact"},"content":{"rendered":"\t\t<div data-elementor-type=\"wp-page\" data-elementor-id=\"303\" class=\"elementor elementor-303 elementor-113\">\n\t\t\t\t<div class=\"elementor-element elementor-element-36cebb7 e-flex e-con-boxed e-con e-parent\" data-id=\"36cebb7\" data-element_type=\"container\" data-e-type=\"container\">\n\t\t\t\t\t<div class=\"e-con-inner\">\n\t\t\t\t<div class=\"elementor-element elementor-element-b889f88 elementor-widget elementor-widget-heading\" data-id=\"b889f88\" data-element_type=\"widget\" data-e-type=\"widget\" data-widget_type=\"heading.default\">\n\t\t\t\t\t<h1 class=\"elementor-heading-title elementor-size-default\">CONTACT<\/h1>\t\t\t\t<\/div>\n\t\t\t\t\t<\/div>\n\t\t\t\t<\/div>\n\t\t<div class=\"elementor-element elementor-element-73bdbf9 e-flex e-con-boxed e-con e-parent\" data-id=\"73bdbf9\" data-element_type=\"container\" data-e-type=\"container\">\n\t\t\t\t\t<div class=\"e-con-inner\">\n\t\t\t\t<div class=\"elementor-element elementor-element-4fb3070 elementor-widget elementor-widget-google_maps\" data-id=\"4fb3070\" data-element_type=\"widget\" data-e-type=\"widget\" data-widget_type=\"google_maps.default\">\n\t\t\t\t\t\t\t<div class=\"elementor-custom-embed\">\n\t\t\t<iframe loading=\"lazy\"\n\t\t\t\t\tsrc=\"https:\/\/maps.google.com\/maps?q=serveis%20tecnics%20industrials%20del%20valles&#038;t=m&#038;z=17&#038;output=embed&#038;iwloc=near\"\n\t\t\t\t\ttitle=\"serveis tecnics industrials del valles\"\n\t\t\t\t\taria-label=\"serveis tecnics industrials del valles\"\n\t\t\t><\/iframe>\n\t\t<\/div>\n\t\t\t\t\t\t<\/div>\n\t\t\t\t\t<\/div>\n\t\t\t\t<\/div>\n\t\t<div class=\"elementor-element elementor-element-4a4d1c8 e-flex e-con-boxed e-con e-parent\" data-id=\"4a4d1c8\" data-element_type=\"container\" data-e-type=\"container\">\n\t\t\t\t\t<div class=\"e-con-inner\">\n\t\t<div class=\"elementor-element elementor-element-6d030a3 e-con-full e-flex e-con e-child\" data-id=\"6d030a3\" data-element_type=\"container\" data-e-type=\"container\">\n\t\t\t\t<div class=\"elementor-element elementor-element-3b13854 elementor-widget elementor-widget-heading\" data-id=\"3b13854\" data-element_type=\"widget\" data-e-type=\"widget\" data-widget_type=\"heading.default\">\n\t\t\t\t\t<h2 class=\"elementor-heading-title elementor-size-default\">Call or fill out the form<\/h2>\t\t\t\t<\/div>\n\t\t\t\t<div class=\"elementor-element elementor-element-1ccb3a6 elementor-widget elementor-widget-shortcode\" data-id=\"1ccb3a6\" data-element_type=\"widget\" data-e-type=\"widget\" data-widget_type=\"shortcode.default\">\n\t\t\t\t\t\t\t<div class=\"elementor-shortcode\">\n<div class=\"wpcf7 no-js\" id=\"wpcf7-f478-o1\" lang=\"en-US\" dir=\"ltr\" data-wpcf7-id=\"478\">\n<div class=\"screen-reader-response\"><p role=\"status\" aria-live=\"polite\" aria-atomic=\"true\"><\/p> <ul><\/ul><\/div>\n<form action=\"\/en\/wp-json\/wp\/v2\/pages\/303#wpcf7-f478-o1\" method=\"post\" class=\"wpcf7-form init\" aria-label=\"Contact form\" novalidate=\"novalidate\" data-status=\"init\">\n<fieldset class=\"hidden-fields-container\"><input type=\"hidden\" name=\"_wpcf7\" value=\"478\" \/><input type=\"hidden\" name=\"_wpcf7_version\" value=\"6.1.5\" \/><input type=\"hidden\" name=\"_wpcf7_locale\" value=\"en_US\" \/><input type=\"hidden\" name=\"_wpcf7_unit_tag\" value=\"wpcf7-f478-o1\" \/><input type=\"hidden\" name=\"_wpcf7_container_post\" value=\"0\" \/><input type=\"hidden\" name=\"_wpcf7_posted_data_hash\" value=\"\" \/>\n<\/fieldset>\n<p><label> Name<br \/>\n<span class=\"wpcf7-form-control-wrap\" data-name=\"your-name\"><input size=\"40\" maxlength=\"400\" class=\"wpcf7-form-control wpcf7-text wpcf7-validates-as-required\" autocomplete=\"name\" aria-required=\"true\" aria-invalid=\"false\" value=\"\" type=\"text\" name=\"your-name\" \/><\/span> <\/label>\n<\/p>\n<p><label> E-mail<br \/>\n<span class=\"wpcf7-form-control-wrap\" data-name=\"your-email\"><input size=\"40\" maxlength=\"400\" class=\"wpcf7-form-control wpcf7-email wpcf7-validates-as-required wpcf7-text wpcf7-validates-as-email\" autocomplete=\"email\" aria-required=\"true\" aria-invalid=\"false\" value=\"\" type=\"email\" name=\"your-email\" \/><\/span> <\/label>\n<\/p>\n<p><label> Subject<br \/>\n<span class=\"wpcf7-form-control-wrap\" data-name=\"your-subject\"><input size=\"40\" maxlength=\"400\" class=\"wpcf7-form-control wpcf7-text wpcf7-validates-as-required\" aria-required=\"true\" aria-invalid=\"false\" value=\"\" type=\"text\" name=\"your-subject\" \/><\/span> <\/label>\n<\/p>\n<p><label> Message<br \/>\n<span class=\"wpcf7-form-control-wrap\" data-name=\"your-message\"><textarea cols=\"40\" rows=\"10\" maxlength=\"2000\" class=\"wpcf7-form-control wpcf7-textarea\" aria-invalid=\"false\" name=\"your-message\"><\/textarea><\/span> <\/label>\n<\/p>\n<p><span class=\"wpcf7-form-control-wrap\" data-name=\"acceptance-807\"><span class=\"wpcf7-form-control wpcf7-acceptance optional\"><span class=\"wpcf7-list-item\"><label><input type=\"checkbox\" name=\"acceptance-807\" value=\"1\" aria-invalid=\"false\" \/><span class=\"wpcf7-list-item-label\">I read and accept the <a href=\"\/en\/privacy-policy\">Privacy Policy<\/a><\/span><\/label><\/span><\/span><\/span>\n<\/p>\n<p><input class=\"wpcf7-form-control wpcf7-submit has-spinner\" type=\"submit\" value=\"Send\" \/>\n<\/p><div class=\"wpcf7-response-output\" aria-hidden=\"true\"><\/div>\n<\/form>\n<\/div>\n<\/div>\n\t\t\t\t\t\t<\/div>\n\t\t\t\t<\/div>\n\t\t<div class=\"elementor-element elementor-element-d72dc3d e-con-full e-flex e-con e-child\" data-id=\"d72dc3d\" data-element_type=\"container\" data-e-type=\"container\">\n\t\t\t\t<div class=\"elementor-element elementor-element-496b0ae elementor-widget elementor-widget-heading\" data-id=\"496b0ae\" data-element_type=\"widget\" data-e-type=\"widget\" data-widget_type=\"heading.default\">\n\t\t\t\t\t<h2 class=\"elementor-heading-title elementor-size-default\">Serveis T\u00e8cnics Industrials del Vall\u00e8s<\/h2>\t\t\t\t<\/div>\n\t\t\t\t<div class=\"elementor-element elementor-element-be5c0cd elementor-widget elementor-widget-text-editor\" data-id=\"be5c0cd\" data-element_type=\"widget\" data-e-type=\"widget\" data-widget_type=\"text-editor.default\">\n\t\t\t\t\t\t\t\t\t<p><label><strong>Direction<\/strong>:<\/label> Pol\u00edgon Industrial Can Castells<br><label><strong>Street<\/strong>:<\/label> Ind\u00fastria 101, Nau E<br><label><strong>City<\/strong>:<\/label> Canovelles, Barcelona<br><strong><label>C.P:<\/label> <\/strong>08420<br><label><strong>Phone<\/strong>:<\/label> 938 616 970<br><label><strong>Fax<\/strong>:<\/label> 938 616 971<br><label><strong>E-mail<\/strong>:<\/label> stiv@stiv.cat<\/p>\t\t\t\t\t\t\t\t<\/div>\n\t\t\t\t<\/div>\n\t\t\t\t\t<\/div>\n\t\t\t\t<\/div>\n\t\t\t\t<\/div>\n\t\t","protected":false},"excerpt":{"rendered":"<p>CONTACT Call or fill out the form Serveis T\u00e8cnics Industrials del Vall\u00e8s Direction: Pol\u00edgon Industrial Can Castells Street: Ind\u00fastria 101, Nau E City: Canovelles, Barcelona C.P: 08420 Phone: 938 616 970 Fax: 938 616 971 E-mail: stiv@stiv.cat<\/p>\n","protected":false},"author":1,"featured_media":0,"parent":0,"menu_order":0,"comment_status":"closed","ping_status":"closed","template":"elementor_header_footer","meta":{"footnotes":""},"class_list":["post-303","page","type-page","status-publish"],"yoast_head":"<!-- This site is optimized with the Yoast SEO plugin v27.6 - https:\/\/yoast.com\/product\/yoast-seo-wordpress\/ -->\n<title>Contact STIV | Industrial Engineering &amp; Automation<\/title>\n<meta name=\"description\" content=\"Contact STIV, industrial engineering and automation company. Request information or a quote using our contact form.\" \/>\n<meta name=\"robots\" content=\"noindex, follow, max-snippet:-1, max-image-preview:large, max-video-preview:-1\" \/>\n<meta property=\"og:locale\" content=\"en_US\" \/>\n<meta property=\"og:type\" content=\"article\" \/>\n<meta property=\"og:title\" content=\"Contact STIV | Industrial Engineering &amp; Automation\" \/>\n<meta property=\"og:description\" content=\"Contact STIV, industrial engineering and automation company. Request information or a quote using our contact form.\" \/>\n<meta property=\"og:url\" content=\"https:\/\/stiv.cat\/en\/contacte\/\" \/>\n<meta property=\"og:site_name\" content=\"STIV\" \/>\n<meta property=\"article:modified_time\" content=\"2026-05-13T12:03:26+00:00\" \/>\n<meta name=\"twitter:card\" content=\"summary_large_image\" \/>\n<meta name=\"twitter:label1\" content=\"Est. reading time\" \/>\n\t<meta name=\"twitter:data1\" content=\"1 minute\" \/>\n<script type=\"application\/ld+json\" class=\"yoast-schema-graph\">{\"@context\":\"https:\\\/\\\/schema.org\",\"@graph\":[{\"@type\":\"WebPage\",\"@id\":\"https:\\\/\\\/stiv.cat\\\/en\\\/contacte\\\/\",\"url\":\"https:\\\/\\\/stiv.cat\\\/en\\\/contacte\\\/\",\"name\":\"Contact STIV | Industrial Engineering & Automation\",\"isPartOf\":{\"@id\":\"https:\\\/\\\/stiv.cat\\\/en\\\/#website\"},\"datePublished\":\"2026-05-05T15:13:18+00:00\",\"dateModified\":\"2026-05-13T12:03:26+00:00\",\"description\":\"Contact STIV, industrial engineering and automation company. Request information or a quote using our contact form.\",\"breadcrumb\":{\"@id\":\"https:\\\/\\\/stiv.cat\\\/en\\\/contacte\\\/#breadcrumb\"},\"inLanguage\":\"en-US\",\"potentialAction\":[{\"@type\":\"ReadAction\",\"target\":[\"https:\\\/\\\/stiv.cat\\\/en\\\/contacte\\\/\"]}]},{\"@type\":\"BreadcrumbList\",\"@id\":\"https:\\\/\\\/stiv.cat\\\/en\\\/contacte\\\/#breadcrumb\",\"itemListElement\":[{\"@type\":\"ListItem\",\"position\":1,\"name\":\"Portada\",\"item\":\"https:\\\/\\\/stiv.cat\\\/en\\\/\"},{\"@type\":\"ListItem\",\"position\":2,\"name\":\"Contact\"}]},{\"@type\":\"WebSite\",\"@id\":\"https:\\\/\\\/stiv.cat\\\/en\\\/#website\",\"url\":\"https:\\\/\\\/stiv.cat\\\/en\\\/\",\"name\":\"STIV\",\"description\":\"Serveis T\u00e8cnics Industrials del Vall\u00e8s S.L\",\"publisher\":{\"@id\":\"https:\\\/\\\/stiv.cat\\\/en\\\/#organization\"},\"potentialAction\":[{\"@type\":\"SearchAction\",\"target\":{\"@type\":\"EntryPoint\",\"urlTemplate\":\"https:\\\/\\\/stiv.cat\\\/en\\\/?s={search_term_string}\"},\"query-input\":{\"@type\":\"PropertyValueSpecification\",\"valueRequired\":true,\"valueName\":\"search_term_string\"}}],\"inLanguage\":\"en-US\"},{\"@type\":\"Organization\",\"@id\":\"https:\\\/\\\/stiv.cat\\\/en\\\/#organization\",\"name\":\"STIV\",\"url\":\"https:\\\/\\\/stiv.cat\\\/en\\\/\",\"logo\":{\"@type\":\"ImageObject\",\"inLanguage\":\"en-US\",\"@id\":\"https:\\\/\\\/stiv.cat\\\/en\\\/#\\\/schema\\\/logo\\\/image\\\/\",\"url\":\"https:\\\/\\\/stiv.cat\\\/wp-content\\\/uploads\\\/2026\\\/05\\\/cropped-logo.webp\",\"contentUrl\":\"https:\\\/\\\/stiv.cat\\\/wp-content\\\/uploads\\\/2026\\\/05\\\/cropped-logo.webp\",\"width\":420,\"height\":131,\"caption\":\"STIV\"},\"image\":{\"@id\":\"https:\\\/\\\/stiv.cat\\\/en\\\/#\\\/schema\\\/logo\\\/image\\\/\"}}]}<\/script>\n<!-- \/ Yoast SEO plugin. -->","yoast_head_json":{"title":"Contact STIV | Industrial Engineering & Automation","description":"Contact STIV, industrial engineering and automation company. Request information or a quote using our contact form.","robots":{"index":"noindex","follow":"follow","max-snippet":"max-snippet:-1","max-image-preview":"max-image-preview:large","max-video-preview":"max-video-preview:-1"},"og_locale":"en_US","og_type":"article","og_title":"Contact STIV | Industrial Engineering & Automation","og_description":"Contact STIV, industrial engineering and automation company. Request information or a quote using our contact form.","og_url":"https:\/\/stiv.cat\/en\/contacte\/","og_site_name":"STIV","article_modified_time":"2026-05-13T12:03:26+00:00","twitter_card":"summary_large_image","twitter_misc":{"Est. reading time":"1 minute"},"schema":{"@context":"https:\/\/schema.org","@graph":[{"@type":"WebPage","@id":"https:\/\/stiv.cat\/en\/contacte\/","url":"https:\/\/stiv.cat\/en\/contacte\/","name":"Contact STIV | Industrial Engineering & Automation","isPartOf":{"@id":"https:\/\/stiv.cat\/en\/#website"},"datePublished":"2026-05-05T15:13:18+00:00","dateModified":"2026-05-13T12:03:26+00:00","description":"Contact STIV, industrial engineering and automation company. Request information or a quote using our contact form.","breadcrumb":{"@id":"https:\/\/stiv.cat\/en\/contacte\/#breadcrumb"},"inLanguage":"en-US","potentialAction":[{"@type":"ReadAction","target":["https:\/\/stiv.cat\/en\/contacte\/"]}]},{"@type":"BreadcrumbList","@id":"https:\/\/stiv.cat\/en\/contacte\/#breadcrumb","itemListElement":[{"@type":"ListItem","position":1,"name":"Portada","item":"https:\/\/stiv.cat\/en\/"},{"@type":"ListItem","position":2,"name":"Contact"}]},{"@type":"WebSite","@id":"https:\/\/stiv.cat\/en\/#website","url":"https:\/\/stiv.cat\/en\/","name":"STIV","description":"Serveis T\u00e8cnics Industrials del Vall\u00e8s S.L","publisher":{"@id":"https:\/\/stiv.cat\/en\/#organization"},"potentialAction":[{"@type":"SearchAction","target":{"@type":"EntryPoint","urlTemplate":"https:\/\/stiv.cat\/en\/?s={search_term_string}"},"query-input":{"@type":"PropertyValueSpecification","valueRequired":true,"valueName":"search_term_string"}}],"inLanguage":"en-US"},{"@type":"Organization","@id":"https:\/\/stiv.cat\/en\/#organization","name":"STIV","url":"https:\/\/stiv.cat\/en\/","logo":{"@type":"ImageObject","inLanguage":"en-US","@id":"https:\/\/stiv.cat\/en\/#\/schema\/logo\/image\/","url":"https:\/\/stiv.cat\/wp-content\/uploads\/2026\/05\/cropped-logo.webp","contentUrl":"https:\/\/stiv.cat\/wp-content\/uploads\/2026\/05\/cropped-logo.webp","width":420,"height":131,"caption":"STIV"},"image":{"@id":"https:\/\/stiv.cat\/en\/#\/schema\/logo\/image\/"}}]}},"_links":{"self":[{"href":"https:\/\/stiv.cat\/en\/wp-json\/wp\/v2\/pages\/303","targetHints":{"allow":["GET"]}}],"collection":[{"href":"https:\/\/stiv.cat\/en\/wp-json\/wp\/v2\/pages"}],"about":[{"href":"https:\/\/stiv.cat\/en\/wp-json\/wp\/v2\/types\/page"}],"author":[{"embeddable":true,"href":"https:\/\/stiv.cat\/en\/wp-json\/wp\/v2\/users\/1"}],"replies":[{"embeddable":true,"href":"https:\/\/stiv.cat\/en\/wp-json\/wp\/v2\/comments?post=303"}],"version-history":[{"count":6,"href":"https:\/\/stiv.cat\/en\/wp-json\/wp\/v2\/pages\/303\/revisions"}],"predecessor-version":[{"id":502,"href":"https:\/\/stiv.cat\/en\/wp-json\/wp\/v2\/pages\/303\/revisions\/502"}],"wp:attachment":[{"href":"https:\/\/stiv.cat\/en\/wp-json\/wp\/v2\/media?parent=303"}],"curies":[{"name":"wp","href":"https:\/\/api.w.org\/{rel}","templated":true}]}}