{"id":346,"date":"2026-05-06T01:29:40","date_gmt":"2026-05-05T23:29:40","guid":{"rendered":"http:\/\/stiv.cat.mialias.net\/hardware\/"},"modified":"2026-05-06T01:29:40","modified_gmt":"2026-05-05T23:29:40","slug":"hardware","status":"publish","type":"page","link":"https:\/\/stiv.cat\/en\/hardware\/","title":{"rendered":"Hardware"},"content":{"rendered":"\t\t<div data-elementor-type=\"wp-page\" data-elementor-id=\"346\" class=\"elementor elementor-346 elementor-184\">\n\t\t\t\t<div class=\"elementor-element elementor-element-36cebb7 e-flex e-con-boxed e-con e-parent\" data-id=\"36cebb7\" data-element_type=\"container\" data-e-type=\"container\">\n\t\t\t\t\t<div class=\"e-con-inner\">\n\t\t\t\t<div class=\"elementor-element elementor-element-b889f88 elementor-widget elementor-widget-heading\" data-id=\"b889f88\" data-element_type=\"widget\" data-e-type=\"widget\" data-widget_type=\"heading.default\">\n\t\t\t\t\t<h1 class=\"elementor-heading-title elementor-size-default\">Hardware<\/h1>\t\t\t\t<\/div>\n\t\t\t\t\t<\/div>\n\t\t\t\t<\/div>\n\t\t<div class=\"elementor-element elementor-element-73bdbf9 e-flex e-con-boxed e-con e-parent\" data-id=\"73bdbf9\" data-element_type=\"container\" data-e-type=\"container\">\n\t\t\t\t\t<div class=\"e-con-inner\">\n\t\t<div class=\"elementor-element elementor-element-62c5966 e-con-full e-flex e-con e-child\" data-id=\"62c5966\" data-element_type=\"container\" data-e-type=\"container\">\n\t\t<div class=\"elementor-element elementor-element-7731975 e-con-full e-flex e-con e-child\" data-id=\"7731975\" data-element_type=\"container\" data-e-type=\"container\" data-settings=\"{&quot;background_background&quot;:&quot;classic&quot;}\">\n\t\t\t\t<div class=\"elementor-element elementor-element-244f263 elementor-widget elementor-widget-heading\" data-id=\"244f263\" data-element_type=\"widget\" data-e-type=\"widget\" data-widget_type=\"heading.default\">\n\t\t\t\t\t<h2 class=\"elementor-heading-title elementor-size-default\">STIV<\/h2>\t\t\t\t<\/div>\n\t\t\t\t<div class=\"elementor-element elementor-element-16f4929 elementor-widget elementor-widget-heading\" data-id=\"16f4929\" data-element_type=\"widget\" data-e-type=\"widget\" data-widget_type=\"heading.default\">\n\t\t\t\t\t<h2 class=\"elementor-heading-title elementor-size-default\">Conacta amb nosaltres<\/h2>\t\t\t\t<\/div>\n\t\t\t\t<div class=\"elementor-element elementor-element-703fece elementor-widget-divider--view-line elementor-widget elementor-widget-divider\" data-id=\"703fece\" data-element_type=\"widget\" data-e-type=\"widget\" data-widget_type=\"divider.default\">\n\t\t\t\t\t\t\t<div class=\"elementor-divider\">\n\t\t\t<span class=\"elementor-divider-separator\">\n\t\t\t\t\t\t<\/span>\n\t\t<\/div>\n\t\t\t\t\t\t<\/div>\n\t\t\t\t<div class=\"elementor-element elementor-element-939cf06 elementor-position-inline-start elementor-view-default elementor-mobile-position-block-start elementor-widget elementor-widget-icon-box\" data-id=\"939cf06\" data-element_type=\"widget\" data-e-type=\"widget\" data-widget_type=\"icon-box.default\">\n\t\t\t\t\t\t\t<div class=\"elementor-icon-box-wrapper\">\n\n\t\t\t\t\t\t<div class=\"elementor-icon-box-icon\">\n\t\t\t\t<span  class=\"elementor-icon\">\n\t\t\t\t<i aria-hidden=\"true\" class=\"icon icon-phone-call\"><\/i>\t\t\t\t<\/span>\n\t\t\t<\/div>\n\t\t\t\n\t\t\t\t\t\t<div class=\"elementor-icon-box-content\">\n\n\t\t\t\t\t\t\t\t\t<h3 class=\"elementor-icon-box-title\">\n\t\t\t\t\t\t<span  >\n\t\t\t\t\t\t\tT. 938 616 970 | F. 938 616 971\t\t\t\t\t\t<\/span>\n\t\t\t\t\t<\/h3>\n\t\t\t\t\n\t\t\t\t\n\t\t\t<\/div>\n\t\t\t\n\t\t<\/div>\n\t\t\t\t\t\t<\/div>\n\t\t\t\t<div class=\"elementor-element elementor-element-65d1dc9 elementor-position-inline-start elementor-view-default elementor-mobile-position-block-start elementor-widget elementor-widget-icon-box\" data-id=\"65d1dc9\" data-element_type=\"widget\" data-e-type=\"widget\" data-widget_type=\"icon-box.default\">\n\t\t\t\t\t\t\t<div class=\"elementor-icon-box-wrapper\">\n\n\t\t\t\t\t\t<div class=\"elementor-icon-box-icon\">\n\t\t\t\t<span  class=\"elementor-icon\">\n\t\t\t\t<i aria-hidden=\"true\" class=\"icon icon-email\"><\/i>\t\t\t\t<\/span>\n\t\t\t<\/div>\n\t\t\t\n\t\t\t\t\t\t<div class=\"elementor-icon-box-content\">\n\n\t\t\t\t\t\t\t\t\t<h3 class=\"elementor-icon-box-title\">\n\t\t\t\t\t\t<span  >\n\t\t\t\t\t\t\tstiv@stiv.es\t\t\t\t\t\t<\/span>\n\t\t\t\t\t<\/h3>\n\t\t\t\t\n\t\t\t\t\n\t\t\t<\/div>\n\t\t\t\n\t\t<\/div>\n\t\t\t\t\t\t<\/div>\n\t\t\t\t<\/div>\n\t\t\t\t<\/div>\n\t\t<div class=\"elementor-element elementor-element-50e2071 e-con-full e-flex e-con e-child\" data-id=\"50e2071\" data-element_type=\"container\" data-e-type=\"container\">\n\t\t\t\t<div class=\"elementor-element elementor-element-a324978 elementor-widget elementor-widget-image\" data-id=\"a324978\" data-element_type=\"widget\" data-e-type=\"widget\" data-widget_type=\"image.default\">\n\t\t\t\t\t\t\t\t\t\t\t\t\t\t\t<img fetchpriority=\"high\" decoding=\"async\" width=\"800\" height=\"462\" src=\"https:\/\/stiv.cat\/wp-content\/uploads\/2026\/05\/HARDWARE-3-scaled-1038x600-1.webp\" class=\"attachment-large size-large wp-image-256\" alt=\"\" srcset=\"https:\/\/stiv.cat\/wp-content\/uploads\/2026\/05\/HARDWARE-3-scaled-1038x600-1.webp 800w, https:\/\/stiv.cat\/wp-content\/uploads\/2026\/05\/HARDWARE-3-scaled-1038x600-1-300x173.webp 300w, https:\/\/stiv.cat\/wp-content\/uploads\/2026\/05\/HARDWARE-3-scaled-1038x600-1-768x444.webp 768w\" sizes=\"(max-width: 800px) 100vw, 800px\" \/>\t\t\t\t\t\t\t\t\t\t\t\t\t\t\t<\/div>\n\t\t\t\t<div class=\"elementor-element elementor-element-a798fa3 elementor-widget elementor-widget-image\" data-id=\"a798fa3\" data-element_type=\"widget\" data-e-type=\"widget\" data-widget_type=\"image.default\">\n\t\t\t\t\t\t\t\t\t\t\t\t\t\t\t<img decoding=\"async\" width=\"800\" height=\"462\" src=\"https:\/\/stiv.cat\/wp-content\/uploads\/2026\/05\/HARDWARE-2-scaled-1038x600-1.webp\" class=\"attachment-large size-large wp-image-322\" alt=\"\" srcset=\"https:\/\/stiv.cat\/wp-content\/uploads\/2026\/05\/HARDWARE-2-scaled-1038x600-1.webp 800w, https:\/\/stiv.cat\/wp-content\/uploads\/2026\/05\/HARDWARE-2-scaled-1038x600-1-300x173.webp 300w, https:\/\/stiv.cat\/wp-content\/uploads\/2026\/05\/HARDWARE-2-scaled-1038x600-1-768x444.webp 768w\" sizes=\"(max-width: 800px) 100vw, 800px\" \/>\t\t\t\t\t\t\t\t\t\t\t\t\t\t\t<\/div>\n\t\t\t\t<div class=\"elementor-element elementor-element-9b8f7e9 elementor-widget elementor-widget-text-editor\" data-id=\"9b8f7e9\" data-element_type=\"widget\" data-e-type=\"widget\" data-widget_type=\"text-editor.default\">\n\t\t\t\t\t\t\t\t\t<p><strong>ROBOTS, VISI\u00d3 ARTIFICIAL, L\u00c0SERS, SOLDADURA, FUG\u00d2METRES, DOSSIFICADORS I EINES TRA\u00c7ABILITAT<\/strong><\/p><p>Gran experi\u00e8ncia en l\u2019aplicaci\u00f3 de tot tipus de dispositius tecnol\u00f2gics segons les necessitats de cada client.<\/p><p>L\u2019\u00fas de robots cada vegada m\u00e9s freq\u00fcentat per la seva versatilitat, velocitat, const\u00e0ncia, imatge i tamb\u00e9 per ser m\u00e9s econ\u00f2mics que fa uns anys.<\/p><p>La Visi\u00f3 artificial, encara que molt mitificada, millora dia a dia en el control de processos i control de qualitat.<\/p><p>L\u00e0sers cada vegada m\u00e9s r\u00e0pids i potents en processos de marcatge i \/ o tra\u00e7abilitat de pe\u00e7a.<\/p><p>Implementaci\u00f3 de tot tipus de soldadura com la ultras\u00f2nica per termopl\u00e0stics, per punts (resist\u00e8ncia) per xapa-xapa i perns, i la d\u2019estany per components sobre pcb entre d\u2019altres.<\/p><p>Fug\u00f2metres capa\u00e7os de mesurar variacions de pressi\u00f3 cada vegada menors i de manera m\u00e9s r\u00e0pida<\/p><p>Dosificadors volum\u00e8trics i temporitzats de tot tipus de fluids, olis, greixos, adhesius \u2026<\/p><p>I arribem a el control individual de cada producte en la l\u00ednia. Apliquem els elements necessaris per gestionar la Tra\u00e7abilitat com l\u00e0sers, impressores i lectors de codis QR, manuals o autom\u00e0tics. Aix\u00ed eliminem incid\u00e8ncies puntuals i vam detectar possibles errors en el proc\u00e9s.<\/p><p>En resum, integrem qualsevol dispositiu, mecanisme o sistema robotitzat que ofereixi el mercat tecnol\u00f2gic actual.<\/p>\t\t\t\t\t\t\t\t<\/div>\n\t\t\t\t<\/div>\n\t\t\t\t\t<\/div>\n\t\t\t\t<\/div>\n\t\t\t\t<\/div>\n\t\t","protected":false},"excerpt":{"rendered":"<p>Hardware STIV Conacta amb nosaltres T. 938 616 970 | F. 938 616 971 stiv@stiv.es ROBOTS, VISI\u00d3 ARTIFICIAL, L\u00c0SERS, SOLDADURA, FUG\u00d2METRES, DOSSIFICADORS I EINES TRA\u00c7ABILITAT Gran experi\u00e8ncia en l\u2019aplicaci\u00f3 de tot tipus de dispositius tecnol\u00f2gics segons les necessitats de cada client. L\u2019\u00fas de robots cada vegada m\u00e9s freq\u00fcentat per la seva versatilitat, velocitat, const\u00e0ncia, imatge &#8230; <a title=\"Hardware\" class=\"read-more\" href=\"https:\/\/stiv.cat\/en\/hardware\/\" aria-label=\"Read more about Hardware\">Read more<\/a><\/p>\n","protected":false},"author":1,"featured_media":0,"parent":0,"menu_order":0,"comment_status":"closed","ping_status":"closed","template":"elementor_header_footer","meta":{"footnotes":""},"class_list":["post-346","page","type-page","status-publish"],"yoast_head":"<!-- This site is optimized with the Yoast SEO plugin v27.6 - https:\/\/yoast.com\/product\/yoast-seo-wordpress\/ -->\n<title>Hardware - STIV<\/title>\n<meta name=\"robots\" content=\"noindex, follow, max-snippet:-1, max-image-preview:large, max-video-preview:-1\" \/>\n<meta property=\"og:locale\" content=\"en_US\" \/>\n<meta property=\"og:type\" content=\"article\" \/>\n<meta property=\"og:title\" content=\"Hardware - STIV\" \/>\n<meta property=\"og:description\" content=\"Hardware STIV Conacta amb nosaltres T. 938 616 970 | F. 938 616 971 stiv@stiv.es ROBOTS, VISI\u00d3 ARTIFICIAL, L\u00c0SERS, SOLDADURA, FUG\u00d2METRES, DOSSIFICADORS I EINES TRA\u00c7ABILITAT Gran experi\u00e8ncia en l\u2019aplicaci\u00f3 de tot tipus de dispositius tecnol\u00f2gics segons les necessitats de cada client. L\u2019\u00fas de robots cada vegada m\u00e9s freq\u00fcentat per la seva versatilitat, velocitat, const\u00e0ncia, imatge ... Read more\" \/>\n<meta property=\"og:url\" content=\"https:\/\/stiv.cat\/en\/hardware\/\" \/>\n<meta property=\"og:site_name\" content=\"STIV\" \/>\n<meta property=\"og:image\" content=\"http:\/\/stiv.cat\/wp-content\/uploads\/2026\/05\/HARDWARE-3-scaled-1038x600-1.webp\" \/>\n<meta name=\"twitter:card\" content=\"summary_large_image\" \/>\n<meta name=\"twitter:label1\" content=\"Est. reading time\" \/>\n\t<meta name=\"twitter:data1\" content=\"2 minutes\" \/>\n<script type=\"application\/ld+json\" class=\"yoast-schema-graph\">{\"@context\":\"https:\\\/\\\/schema.org\",\"@graph\":[{\"@type\":\"WebPage\",\"@id\":\"https:\\\/\\\/stiv.cat\\\/en\\\/hardware\\\/\",\"url\":\"https:\\\/\\\/stiv.cat\\\/en\\\/hardware\\\/\",\"name\":\"Hardware - STIV\",\"isPartOf\":{\"@id\":\"https:\\\/\\\/stiv.cat\\\/en\\\/#website\"},\"primaryImageOfPage\":{\"@id\":\"https:\\\/\\\/stiv.cat\\\/en\\\/hardware\\\/#primaryimage\"},\"image\":{\"@id\":\"https:\\\/\\\/stiv.cat\\\/en\\\/hardware\\\/#primaryimage\"},\"thumbnailUrl\":\"http:\\\/\\\/stiv.cat\\\/wp-content\\\/uploads\\\/2026\\\/05\\\/HARDWARE-3-scaled-1038x600-1.webp\",\"datePublished\":\"2026-05-05T23:29:40+00:00\",\"breadcrumb\":{\"@id\":\"https:\\\/\\\/stiv.cat\\\/en\\\/hardware\\\/#breadcrumb\"},\"inLanguage\":\"en-US\",\"potentialAction\":[{\"@type\":\"ReadAction\",\"target\":[\"https:\\\/\\\/stiv.cat\\\/en\\\/hardware\\\/\"]}]},{\"@type\":\"ImageObject\",\"inLanguage\":\"en-US\",\"@id\":\"https:\\\/\\\/stiv.cat\\\/en\\\/hardware\\\/#primaryimage\",\"url\":\"http:\\\/\\\/stiv.cat\\\/wp-content\\\/uploads\\\/2026\\\/05\\\/HARDWARE-3-scaled-1038x600-1.webp\",\"contentUrl\":\"http:\\\/\\\/stiv.cat\\\/wp-content\\\/uploads\\\/2026\\\/05\\\/HARDWARE-3-scaled-1038x600-1.webp\"},{\"@type\":\"BreadcrumbList\",\"@id\":\"https:\\\/\\\/stiv.cat\\\/en\\\/hardware\\\/#breadcrumb\",\"itemListElement\":[{\"@type\":\"ListItem\",\"position\":1,\"name\":\"Portada\",\"item\":\"https:\\\/\\\/stiv.cat\\\/en\\\/\"},{\"@type\":\"ListItem\",\"position\":2,\"name\":\"Hardware\"}]},{\"@type\":\"WebSite\",\"@id\":\"https:\\\/\\\/stiv.cat\\\/en\\\/#website\",\"url\":\"https:\\\/\\\/stiv.cat\\\/en\\\/\",\"name\":\"STIV\",\"description\":\"Serveis T\u00e8cnics Industrials del Vall\u00e8s S.L\",\"publisher\":{\"@id\":\"https:\\\/\\\/stiv.cat\\\/en\\\/#organization\"},\"potentialAction\":[{\"@type\":\"SearchAction\",\"target\":{\"@type\":\"EntryPoint\",\"urlTemplate\":\"https:\\\/\\\/stiv.cat\\\/en\\\/?s={search_term_string}\"},\"query-input\":{\"@type\":\"PropertyValueSpecification\",\"valueRequired\":true,\"valueName\":\"search_term_string\"}}],\"inLanguage\":\"en-US\"},{\"@type\":\"Organization\",\"@id\":\"https:\\\/\\\/stiv.cat\\\/en\\\/#organization\",\"name\":\"STIV\",\"url\":\"https:\\\/\\\/stiv.cat\\\/en\\\/\",\"logo\":{\"@type\":\"ImageObject\",\"inLanguage\":\"en-US\",\"@id\":\"https:\\\/\\\/stiv.cat\\\/en\\\/#\\\/schema\\\/logo\\\/image\\\/\",\"url\":\"https:\\\/\\\/stiv.cat\\\/wp-content\\\/uploads\\\/2026\\\/05\\\/cropped-logo.webp\",\"contentUrl\":\"https:\\\/\\\/stiv.cat\\\/wp-content\\\/uploads\\\/2026\\\/05\\\/cropped-logo.webp\",\"width\":420,\"height\":131,\"caption\":\"STIV\"},\"image\":{\"@id\":\"https:\\\/\\\/stiv.cat\\\/en\\\/#\\\/schema\\\/logo\\\/image\\\/\"}}]}<\/script>\n<!-- \/ Yoast SEO plugin. -->","yoast_head_json":{"title":"Hardware - STIV","robots":{"index":"noindex","follow":"follow","max-snippet":"max-snippet:-1","max-image-preview":"max-image-preview:large","max-video-preview":"max-video-preview:-1"},"og_locale":"en_US","og_type":"article","og_title":"Hardware - STIV","og_description":"Hardware STIV Conacta amb nosaltres T. 938 616 970 | F. 938 616 971 stiv@stiv.es ROBOTS, VISI\u00d3 ARTIFICIAL, L\u00c0SERS, SOLDADURA, FUG\u00d2METRES, DOSSIFICADORS I EINES TRA\u00c7ABILITAT Gran experi\u00e8ncia en l\u2019aplicaci\u00f3 de tot tipus de dispositius tecnol\u00f2gics segons les necessitats de cada client. L\u2019\u00fas de robots cada vegada m\u00e9s freq\u00fcentat per la seva versatilitat, velocitat, const\u00e0ncia, imatge ... Read more","og_url":"https:\/\/stiv.cat\/en\/hardware\/","og_site_name":"STIV","og_image":[{"url":"http:\/\/stiv.cat\/wp-content\/uploads\/2026\/05\/HARDWARE-3-scaled-1038x600-1.webp","type":"","width":"","height":""}],"twitter_card":"summary_large_image","twitter_misc":{"Est. reading time":"2 minutes"},"schema":{"@context":"https:\/\/schema.org","@graph":[{"@type":"WebPage","@id":"https:\/\/stiv.cat\/en\/hardware\/","url":"https:\/\/stiv.cat\/en\/hardware\/","name":"Hardware - STIV","isPartOf":{"@id":"https:\/\/stiv.cat\/en\/#website"},"primaryImageOfPage":{"@id":"https:\/\/stiv.cat\/en\/hardware\/#primaryimage"},"image":{"@id":"https:\/\/stiv.cat\/en\/hardware\/#primaryimage"},"thumbnailUrl":"http:\/\/stiv.cat\/wp-content\/uploads\/2026\/05\/HARDWARE-3-scaled-1038x600-1.webp","datePublished":"2026-05-05T23:29:40+00:00","breadcrumb":{"@id":"https:\/\/stiv.cat\/en\/hardware\/#breadcrumb"},"inLanguage":"en-US","potentialAction":[{"@type":"ReadAction","target":["https:\/\/stiv.cat\/en\/hardware\/"]}]},{"@type":"ImageObject","inLanguage":"en-US","@id":"https:\/\/stiv.cat\/en\/hardware\/#primaryimage","url":"http:\/\/stiv.cat\/wp-content\/uploads\/2026\/05\/HARDWARE-3-scaled-1038x600-1.webp","contentUrl":"http:\/\/stiv.cat\/wp-content\/uploads\/2026\/05\/HARDWARE-3-scaled-1038x600-1.webp"},{"@type":"BreadcrumbList","@id":"https:\/\/stiv.cat\/en\/hardware\/#breadcrumb","itemListElement":[{"@type":"ListItem","position":1,"name":"Portada","item":"https:\/\/stiv.cat\/en\/"},{"@type":"ListItem","position":2,"name":"Hardware"}]},{"@type":"WebSite","@id":"https:\/\/stiv.cat\/en\/#website","url":"https:\/\/stiv.cat\/en\/","name":"STIV","description":"Serveis T\u00e8cnics Industrials del Vall\u00e8s S.L","publisher":{"@id":"https:\/\/stiv.cat\/en\/#organization"},"potentialAction":[{"@type":"SearchAction","target":{"@type":"EntryPoint","urlTemplate":"https:\/\/stiv.cat\/en\/?s={search_term_string}"},"query-input":{"@type":"PropertyValueSpecification","valueRequired":true,"valueName":"search_term_string"}}],"inLanguage":"en-US"},{"@type":"Organization","@id":"https:\/\/stiv.cat\/en\/#organization","name":"STIV","url":"https:\/\/stiv.cat\/en\/","logo":{"@type":"ImageObject","inLanguage":"en-US","@id":"https:\/\/stiv.cat\/en\/#\/schema\/logo\/image\/","url":"https:\/\/stiv.cat\/wp-content\/uploads\/2026\/05\/cropped-logo.webp","contentUrl":"https:\/\/stiv.cat\/wp-content\/uploads\/2026\/05\/cropped-logo.webp","width":420,"height":131,"caption":"STIV"},"image":{"@id":"https:\/\/stiv.cat\/en\/#\/schema\/logo\/image\/"}}]}},"_links":{"self":[{"href":"https:\/\/stiv.cat\/en\/wp-json\/wp\/v2\/pages\/346","targetHints":{"allow":["GET"]}}],"collection":[{"href":"https:\/\/stiv.cat\/en\/wp-json\/wp\/v2\/pages"}],"about":[{"href":"https:\/\/stiv.cat\/en\/wp-json\/wp\/v2\/types\/page"}],"author":[{"embeddable":true,"href":"https:\/\/stiv.cat\/en\/wp-json\/wp\/v2\/users\/1"}],"replies":[{"embeddable":true,"href":"https:\/\/stiv.cat\/en\/wp-json\/wp\/v2\/comments?post=346"}],"version-history":[{"count":0,"href":"https:\/\/stiv.cat\/en\/wp-json\/wp\/v2\/pages\/346\/revisions"}],"wp:attachment":[{"href":"https:\/\/stiv.cat\/en\/wp-json\/wp\/v2\/media?parent=346"}],"curies":[{"name":"wp","href":"https:\/\/api.w.org\/{rel}","templated":true}]}}