{"id":2127,"date":"2020-11-11T12:58:04","date_gmt":"2020-11-11T12:58:04","guid":{"rendered":"http:\/\/www.stiv.es\/?page_id=2127"},"modified":"2025-01-17T12:13:49","modified_gmt":"2025-01-17T10:13:49","slug":"aviso-legal","status":"publish","type":"page","link":"https:\/\/stiv.cat\/es\/aviso-legal\/","title":{"rendered":"AVISO LEGAL"},"content":{"rendered":"<p><b>Objeto y aceptaci\u00f3n<\/b><\/p>\n<p>El presente aviso legal regula el uso de nuestro sitio web, del cual es titular <strong>SERVEIS T\u00c8CNICS INDUSTRIALS DEL VALL\u00c8S S.L<\/strong>. La navegaci\u00f3n por el sitio web de <strong>SERVEIS T\u00c8CNICS INDUSTRIALS DEL VALL\u00c8S SL<\/strong> otorga la condici\u00f3n de usuario e implica la aceptaci\u00f3n plena y sin reservas de todas y cada una de las disposiciones incluidas en este Aviso Legal, que pueden ser objeto de modificaci\u00f3n.<\/p>\n<p>El usuario est\u00e1 obligado a hacer un uso correcto del sitio web, de acuerdo con la legislaci\u00f3n vigente, la buena fe, el orden p\u00fablico, los usos del tr\u00e1fico y este Aviso Legal. El usuario ser\u00e1 responsable frente a <strong>SERVEIS T\u00c8CNICS INDUSTRIALS DEL VALL\u00c8S S.L<\/strong> o terceros por cualquier da\u00f1o o perjuicio que pueda causar como consecuencia del incumplimiento de esta obligaci\u00f3n.<\/p>\n<p><strong>Identificaci\u00f3n y comunicaciones<\/strong><\/p>\n<p>En cumplimiento de la Ley 34\/2002, de 11 de julio, de servicios de la sociedad de la informaci\u00f3n y de comercio electr\u00f3nico, <strong>SERVEIS T\u00c8CNICS INDUSTRIALS DEL VALL\u00c8S S.L<\/strong> facilita la siguiente informaci\u00f3n:<\/p>\n<ul>\n<li><strong>Denominaci\u00f3n social:<\/strong> SERVEIS T\u00c8CNICS INDUSTRIALS DEL VALL\u00c8S SL<\/li>\n<li><strong>CIF:<\/strong> B58981697<\/li>\n<li><strong>Direcci\u00f3n registrada:<\/strong> CALLE IND\u00daSTRIA, 101 &#8211; (08420) CANOVELLES<\/li>\n<\/ul>\n<p>Para contactar con nosotros, puede utilizar los medios de comunicaci\u00f3n especificados en nuestra Pol\u00edtica de Privacidad.<\/p>\n<p>Todas las notificaciones y comunicaciones dirigidas a <strong>SERVEIS T\u00c8CNICS INDUSTRIALS DEL VALL\u00c8S S.L<\/strong> se considerar\u00e1n eficaces si se realizan por los medios especificados.<\/p>\n<p><strong>Condiciones de acceso y uso<br \/>\n<\/strong><\/p>\n<p>El acceso al sitio web y a sus servicios es libre. No obstante, <strong>SERVEIS T\u00c8CNICS INDUSTRIALS DEL VALL\u00c8S S.L<\/strong> puede condicionar la utilizaci\u00f3n de algunos servicios a la previa cumplimentaci\u00f3n de un formulario.<\/p>\n<p>El usuario garantiza la autenticidad y actualidad de todos los datos que comunique a <strong>SERVEIS T\u00c8CNICS INDUSTRIALS DEL VALL\u00c8S S.L<\/strong> y ser\u00e1 el \u00fanico responsable de las manifestaciones falsas o inexactas que realice.<\/p>\n<p>El usuario se compromete expresamente a hacer un uso adecuado de los contenidos y servicios de <strong>SERVEIS T\u00c8CNICS INDUSTRIALS DEL VALL\u00c8S S.L<\/strong> y a no utilizarlos para:<\/p>\n<ul>\n<li>Difundir contenidos delictivos, violentos, pornogr\u00e1ficos, racistas, xen\u00f3fobos, ofensivos, de apolog\u00eda del terrorismo o, en general, contrarios a la ley o al orden p\u00fablico.<\/li>\n<li>Introducir virus inform\u00e1ticos o realizar acciones que alteren, da\u00f1en o interrumpan los sistemas f\u00edsicos y l\u00f3gicos de <strong>SERVEIS T\u00c8CNICS INDUSTRIALS DEL VALL\u00c8S S.L<\/strong> o de terceros.<\/li>\n<li>Intentar acceder sin autorizaci\u00f3n a \u00e1reas restringidas o datos de <strong>SERVEIS T\u00c8CNICS INDUSTRIALS DEL VALL\u00c8S S.L<\/strong> o de terceros.<\/li>\n<li>Vulnerar derechos de propiedad intelectual o industrial.<\/li>\n<li>Suplantar la identidad de otros usuarios o de terceros.<\/li>\n<li>Recopilar datos con fines publicitarios sin consentimiento previo.<\/li>\n<\/ul>\n<p>Todos los contenidos del sitio web, incluidos textos, im\u00e1genes, gr\u00e1ficos, dise\u00f1os, c\u00f3digo fuente y marcas, son propiedad de <strong>SERVEIS T\u00c8CNICS INDUSTRIALS DEL VALL\u00c8S S.L<\/strong> y est\u00e1n protegidos por la legislaci\u00f3n sobre propiedad intelectual. El uso no autorizado de estos est\u00e1 prohibido.<\/p>\n<p><strong>Hiperv\u00ednculos<\/strong><\/p>\n<p>El establecimiento de hiperv\u00ednculos no implica en ning\u00fan caso la existencia de relaciones entre <strong>SERVEIS T\u00c8CNICS INDUSTRIALS DEL VALL\u00c8S S.L<\/strong> y el propietario del sitio web en el que se establezca. Se requiere autorizaci\u00f3n previa y por escrito para establecer hiperv\u00ednculos.<\/p>\n<p><strong>Exclusi\u00f3n de garant\u00edas y responsabilidad<\/strong><\/p>\n<p>Hasta donde la legislaci\u00f3n lo permita, <strong>SERVEIS T\u00c8CNICS INDUSTRIALS DEL VALL\u00c8S S.L<\/strong> excluye cualquier responsabilidad por:<\/p>\n<ul>\n<li>La imposibilidad de acceso al sitio web o la falta de veracidad de sus contenidos.<\/li>\n<li>La presencia de virus o elementos nocivos en los contenidos.<\/li>\n<li>El uso inadecuado del sitio web o el incumplimiento de este Aviso Legal.<\/li>\n<\/ul>\n<p><strong>Procedimiento en caso de actividades il\u00edcitas<\/strong><\/p>\n<p>Si el usuario considera que existen contenidos o actividades il\u00edcitas en el sitio web, deber\u00e1 notificarlo a <strong>SERVEIS T\u00c8CNICS INDUSTRIALS DEL VALL\u00c8S S.L<\/strong> con la informaci\u00f3n pertinente.<\/p>\n<p>La legislaci\u00f3n espa\u00f1ola ser\u00e1 aplicable a cualquier controversia relacionada con este sitio web, con jurisdicci\u00f3n en los juzgados y tribunales cercanos al domicilio social de la empresa.<\/p>\n","protected":false},"excerpt":{"rendered":"<p>Objeto y aceptaci\u00f3n El presente aviso legal regula el uso de nuestro sitio web, del cual es titular SERVEIS T\u00c8CNICS INDUSTRIALS DEL VALL\u00c8S S.L. La navegaci\u00f3n por el sitio web de SERVEIS T\u00c8CNICS INDUSTRIALS DEL VALL\u00c8S SL otorga la condici\u00f3n de usuario e implica la aceptaci\u00f3n plena y sin reservas de todas y cada una [&hellip;]<\/p>\n","protected":false},"author":1,"featured_media":0,"parent":0,"menu_order":0,"comment_status":"closed","ping_status":"open","template":"","meta":[],"yoast_head":"<!-- This site is optimized with the Yoast SEO Premium plugin v15.2 - https:\/\/yoast.com\/wordpress\/plugins\/seo\/ -->\n<title>AVISO LEGAL - STIV<\/title>\n<meta name=\"robots\" content=\"index, follow, max-snippet:-1, max-image-preview:large, max-video-preview:-1\" \/>\n<link rel=\"canonical\" href=\"https:\/\/stiv.cat\/es\/aviso-legal\/\" \/>\n<meta property=\"og:locale\" content=\"es_ES\" \/>\n<meta property=\"og:type\" content=\"article\" \/>\n<meta property=\"og:title\" content=\"AVISO LEGAL - STIV\" \/>\n<meta property=\"og:description\" content=\"Objeto y aceptaci\u00f3n El presente aviso legal regula el uso de nuestro sitio web, del cual es titular SERVEIS T\u00c8CNICS INDUSTRIALS DEL VALL\u00c8S S.L. La navegaci\u00f3n por el sitio web de SERVEIS T\u00c8CNICS INDUSTRIALS DEL VALL\u00c8S SL otorga la condici\u00f3n de usuario e implica la aceptaci\u00f3n plena y sin reservas de todas y cada una [&hellip;]\" \/>\n<meta property=\"og:url\" content=\"https:\/\/stiv.cat\/es\/aviso-legal\/\" \/>\n<meta property=\"og:site_name\" content=\"STIV\" \/>\n<meta property=\"article:modified_time\" content=\"2025-01-17T10:13:49+00:00\" \/>\n<meta name=\"twitter:card\" content=\"summary_large_image\" \/>\n<meta name=\"twitter:label1\" value=\"Escrito por\">\n\t<meta name=\"twitter:data1\" value=\"albert\">\n\t<meta name=\"twitter:label2\" value=\"Tiempo de lectura\">\n\t<meta name=\"twitter:data2\" value=\"3 minutos\">\n<script type=\"application\/ld+json\" class=\"yoast-schema-graph\">{\"@context\":\"https:\/\/schema.org\",\"@graph\":[{\"@type\":\"WebSite\",\"@id\":\"https:\/\/stiv.cat\/ca\/#website\",\"url\":\"https:\/\/stiv.cat\/ca\/\",\"name\":\"STIV\",\"description\":\"Serveis T\\u00e8cnics Industrials del Vall\\u00e8s, S.L\",\"potentialAction\":[{\"@type\":\"SearchAction\",\"target\":\"https:\/\/stiv.cat\/ca\/?s={search_term_string}\",\"query-input\":\"required name=search_term_string\"}],\"inLanguage\":\"es\"},{\"@type\":\"WebPage\",\"@id\":\"https:\/\/stiv.cat\/es\/aviso-legal\/#webpage\",\"url\":\"https:\/\/stiv.cat\/es\/aviso-legal\/\",\"name\":\"AVISO LEGAL - STIV\",\"isPartOf\":{\"@id\":\"https:\/\/stiv.cat\/ca\/#website\"},\"datePublished\":\"2020-11-11T12:58:04+00:00\",\"dateModified\":\"2025-01-17T10:13:49+00:00\",\"inLanguage\":\"es\",\"potentialAction\":[{\"@type\":\"ReadAction\",\"target\":[\"https:\/\/stiv.cat\/es\/aviso-legal\/\"]}]}]}<\/script>\n<!-- \/ Yoast SEO Premium plugin. -->","_links":{"self":[{"href":"https:\/\/stiv.cat\/es\/wp-json\/wp\/v2\/pages\/2127"}],"collection":[{"href":"https:\/\/stiv.cat\/es\/wp-json\/wp\/v2\/pages"}],"about":[{"href":"https:\/\/stiv.cat\/es\/wp-json\/wp\/v2\/types\/page"}],"author":[{"embeddable":true,"href":"https:\/\/stiv.cat\/es\/wp-json\/wp\/v2\/users\/1"}],"replies":[{"embeddable":true,"href":"https:\/\/stiv.cat\/es\/wp-json\/wp\/v2\/comments?post=2127"}],"version-history":[{"count":0,"href":"https:\/\/stiv.cat\/es\/wp-json\/wp\/v2\/pages\/2127\/revisions"}],"wp:attachment":[{"href":"https:\/\/stiv.cat\/es\/wp-json\/wp\/v2\/media?parent=2127"}],"curies":[{"name":"wp","href":"https:\/\/api.w.org\/{rel}","templated":true}]}}