{"id":308,"date":"2026-05-05T17:11:23","date_gmt":"2026-05-05T15:11:23","guid":{"rendered":"http:\/\/stiv.cat.mialias.net\/post-venda\/"},"modified":"2026-05-13T14:05:36","modified_gmt":"2026-05-13T12:05:36","slug":"post-venda","status":"publish","type":"page","link":"https:\/\/stiv.cat\/es\/post-venda\/","title":{"rendered":"Postventa"},"content":{"rendered":"\t\t<div data-elementor-type=\"wp-page\" data-elementor-id=\"308\" class=\"elementor elementor-308 elementor-108\">\n\t\t\t\t<div class=\"elementor-element elementor-element-36cebb7 e-flex e-con-boxed e-con e-parent\" data-id=\"36cebb7\" data-element_type=\"container\" data-e-type=\"container\">\n\t\t\t\t\t<div class=\"e-con-inner\">\n\t\t\t\t<div class=\"elementor-element elementor-element-b889f88 elementor-widget elementor-widget-heading\" data-id=\"b889f88\" data-element_type=\"widget\" data-e-type=\"widget\" data-widget_type=\"heading.default\">\n\t\t\t\t\t<h1 class=\"elementor-heading-title elementor-size-default\">POSTVENTA<\/h1>\t\t\t\t<\/div>\n\t\t\t\t\t<\/div>\n\t\t\t\t<\/div>\n\t\t<div class=\"elementor-element elementor-element-73bdbf9 e-flex e-con-boxed e-con e-parent\" data-id=\"73bdbf9\" data-element_type=\"container\" data-e-type=\"container\">\n\t\t\t\t\t<div class=\"e-con-inner\">\n\t\t\t\t<div class=\"elementor-element elementor-element-9b8f7e9 elementor-widget elementor-widget-text-editor\" data-id=\"9b8f7e9\" data-element_type=\"widget\" data-e-type=\"widget\" data-widget_type=\"text-editor.default\">\n\t\t\t\t\t\t\t\t\t<p>Uno de los puntos fuertes de <strong>STIV <\/strong>es el servicio postventa.<br><br>Adem\u00e1s de nuestro servicio de atenci\u00f3n telef\u00f3nica y presencial, integramos en nuestros productos unos routers dedicados que permiten la intervenci\u00f3n en l\u00ednea pr\u00e1cticamente en tiempo real para controles, modificaciones y ajustes de maniobra.<br><br>Este servicio facilita una intervenci\u00f3n r\u00e1pida, evitando en muchos casos el desplazamiento hasta las instalaciones del cliente y reduciendo de manera sustancial los costes para ambas partes.<br><br>Gracias a este servicio, estos \u00faltimos a\u00f1os estamos enviando m\u00e1quinas a todo el mundo como <strong>M\u00e9xico, Rep\u00fablica Checa, Hungr\u00eda, Alemania, Austria, Inglaterra, Francia, Polonia, Marruecos, Ruman\u00eda y Rusia <\/strong>, con una gesti\u00f3n de costes optimizada.<\/p>\t\t\t\t\t\t\t\t<\/div>\n\t\t\t\t\t<\/div>\n\t\t\t\t<\/div>\n\t\t\t\t<\/div>\n\t\t","protected":false},"excerpt":{"rendered":"<p>POSTVENTA Uno de los puntos fuertes de STIV es el servicio postventa. Adem\u00e1s de nuestro servicio de atenci\u00f3n telef\u00f3nica y presencial, integramos en nuestros productos unos routers dedicados que permiten la intervenci\u00f3n en l\u00ednea pr\u00e1cticamente en tiempo real para controles, modificaciones y ajustes de maniobra. Este servicio facilita una intervenci\u00f3n r\u00e1pida, evitando en muchos casos &#8230; <a title=\"Postventa\" class=\"read-more\" href=\"https:\/\/stiv.cat\/es\/post-venda\/\" aria-label=\"Leer m\u00e1s sobre Postventa\">Leer m\u00e1s<\/a><\/p>\n","protected":false},"author":1,"featured_media":0,"parent":0,"menu_order":0,"comment_status":"closed","ping_status":"closed","template":"elementor_header_footer","meta":{"footnotes":""},"class_list":["post-308","page","type-page","status-publish"],"yoast_head":"<!-- This site is optimized with the Yoast SEO plugin v27.6 - https:\/\/yoast.com\/product\/yoast-seo-wordpress\/ -->\n<title>Servicio postventa y asistencia t\u00e9cnica industrial | STIV<\/title>\n<meta name=\"description\" content=\"STIV ofrece servicio postventa y asistencia t\u00e9cnica industrial con intervenci\u00f3n remota para optimizar el mantenimiento de maquinaria.\" \/>\n<meta name=\"robots\" content=\"noindex, follow, max-snippet:-1, max-image-preview:large, max-video-preview:-1\" \/>\n<meta property=\"og:locale\" content=\"es_ES\" \/>\n<meta property=\"og:type\" content=\"article\" \/>\n<meta property=\"og:title\" content=\"Servicio postventa y asistencia t\u00e9cnica industrial | STIV\" \/>\n<meta property=\"og:description\" content=\"STIV ofrece servicio postventa y asistencia t\u00e9cnica industrial con intervenci\u00f3n remota para optimizar el mantenimiento de maquinaria.\" \/>\n<meta property=\"og:url\" content=\"https:\/\/stiv.cat\/es\/post-venda\/\" \/>\n<meta property=\"og:site_name\" content=\"STIV\" \/>\n<meta property=\"article:modified_time\" content=\"2026-05-13T12:05:36+00:00\" \/>\n<meta name=\"twitter:card\" content=\"summary_large_image\" \/>\n<meta name=\"twitter:label1\" content=\"Tiempo de lectura\" \/>\n\t<meta name=\"twitter:data1\" content=\"1 minuto\" \/>\n<script type=\"application\/ld+json\" class=\"yoast-schema-graph\">{\"@context\":\"https:\\\/\\\/schema.org\",\"@graph\":[{\"@type\":\"WebPage\",\"@id\":\"https:\\\/\\\/stiv.cat\\\/es\\\/post-venda\\\/\",\"url\":\"https:\\\/\\\/stiv.cat\\\/es\\\/post-venda\\\/\",\"name\":\"Servicio postventa y asistencia t\u00e9cnica industrial | STIV\",\"isPartOf\":{\"@id\":\"https:\\\/\\\/stiv.cat\\\/es\\\/#website\"},\"datePublished\":\"2026-05-05T15:11:23+00:00\",\"dateModified\":\"2026-05-13T12:05:36+00:00\",\"description\":\"STIV ofrece servicio postventa y asistencia t\u00e9cnica industrial con intervenci\u00f3n remota para optimizar el mantenimiento de maquinaria.\",\"breadcrumb\":{\"@id\":\"https:\\\/\\\/stiv.cat\\\/es\\\/post-venda\\\/#breadcrumb\"},\"inLanguage\":\"es\",\"potentialAction\":[{\"@type\":\"ReadAction\",\"target\":[\"https:\\\/\\\/stiv.cat\\\/es\\\/post-venda\\\/\"]}]},{\"@type\":\"BreadcrumbList\",\"@id\":\"https:\\\/\\\/stiv.cat\\\/es\\\/post-venda\\\/#breadcrumb\",\"itemListElement\":[{\"@type\":\"ListItem\",\"position\":1,\"name\":\"Portada\",\"item\":\"https:\\\/\\\/stiv.cat\\\/es\\\/\"},{\"@type\":\"ListItem\",\"position\":2,\"name\":\"Postventa\"}]},{\"@type\":\"WebSite\",\"@id\":\"https:\\\/\\\/stiv.cat\\\/es\\\/#website\",\"url\":\"https:\\\/\\\/stiv.cat\\\/es\\\/\",\"name\":\"STIV\",\"description\":\"Serveis T\u00e8cnics Industrials del Vall\u00e8s S.L\",\"publisher\":{\"@id\":\"https:\\\/\\\/stiv.cat\\\/es\\\/#organization\"},\"potentialAction\":[{\"@type\":\"SearchAction\",\"target\":{\"@type\":\"EntryPoint\",\"urlTemplate\":\"https:\\\/\\\/stiv.cat\\\/es\\\/?s={search_term_string}\"},\"query-input\":{\"@type\":\"PropertyValueSpecification\",\"valueRequired\":true,\"valueName\":\"search_term_string\"}}],\"inLanguage\":\"es\"},{\"@type\":\"Organization\",\"@id\":\"https:\\\/\\\/stiv.cat\\\/es\\\/#organization\",\"name\":\"STIV\",\"url\":\"https:\\\/\\\/stiv.cat\\\/es\\\/\",\"logo\":{\"@type\":\"ImageObject\",\"inLanguage\":\"es\",\"@id\":\"https:\\\/\\\/stiv.cat\\\/es\\\/#\\\/schema\\\/logo\\\/image\\\/\",\"url\":\"https:\\\/\\\/stiv.cat\\\/wp-content\\\/uploads\\\/2026\\\/05\\\/cropped-logo.webp\",\"contentUrl\":\"https:\\\/\\\/stiv.cat\\\/wp-content\\\/uploads\\\/2026\\\/05\\\/cropped-logo.webp\",\"width\":420,\"height\":131,\"caption\":\"STIV\"},\"image\":{\"@id\":\"https:\\\/\\\/stiv.cat\\\/es\\\/#\\\/schema\\\/logo\\\/image\\\/\"}}]}<\/script>\n<!-- \/ Yoast SEO plugin. -->","yoast_head_json":{"title":"Servicio postventa y asistencia t\u00e9cnica industrial | STIV","description":"STIV ofrece servicio postventa y asistencia t\u00e9cnica industrial con intervenci\u00f3n remota para optimizar el mantenimiento de maquinaria.","robots":{"index":"noindex","follow":"follow","max-snippet":"max-snippet:-1","max-image-preview":"max-image-preview:large","max-video-preview":"max-video-preview:-1"},"og_locale":"es_ES","og_type":"article","og_title":"Servicio postventa y asistencia t\u00e9cnica industrial | STIV","og_description":"STIV ofrece servicio postventa y asistencia t\u00e9cnica industrial con intervenci\u00f3n remota para optimizar el mantenimiento de maquinaria.","og_url":"https:\/\/stiv.cat\/es\/post-venda\/","og_site_name":"STIV","article_modified_time":"2026-05-13T12:05:36+00:00","twitter_card":"summary_large_image","twitter_misc":{"Tiempo de lectura":"1 minuto"},"schema":{"@context":"https:\/\/schema.org","@graph":[{"@type":"WebPage","@id":"https:\/\/stiv.cat\/es\/post-venda\/","url":"https:\/\/stiv.cat\/es\/post-venda\/","name":"Servicio postventa y asistencia t\u00e9cnica industrial | STIV","isPartOf":{"@id":"https:\/\/stiv.cat\/es\/#website"},"datePublished":"2026-05-05T15:11:23+00:00","dateModified":"2026-05-13T12:05:36+00:00","description":"STIV ofrece servicio postventa y asistencia t\u00e9cnica industrial con intervenci\u00f3n remota para optimizar el mantenimiento de maquinaria.","breadcrumb":{"@id":"https:\/\/stiv.cat\/es\/post-venda\/#breadcrumb"},"inLanguage":"es","potentialAction":[{"@type":"ReadAction","target":["https:\/\/stiv.cat\/es\/post-venda\/"]}]},{"@type":"BreadcrumbList","@id":"https:\/\/stiv.cat\/es\/post-venda\/#breadcrumb","itemListElement":[{"@type":"ListItem","position":1,"name":"Portada","item":"https:\/\/stiv.cat\/es\/"},{"@type":"ListItem","position":2,"name":"Postventa"}]},{"@type":"WebSite","@id":"https:\/\/stiv.cat\/es\/#website","url":"https:\/\/stiv.cat\/es\/","name":"STIV","description":"Serveis T\u00e8cnics Industrials del Vall\u00e8s S.L","publisher":{"@id":"https:\/\/stiv.cat\/es\/#organization"},"potentialAction":[{"@type":"SearchAction","target":{"@type":"EntryPoint","urlTemplate":"https:\/\/stiv.cat\/es\/?s={search_term_string}"},"query-input":{"@type":"PropertyValueSpecification","valueRequired":true,"valueName":"search_term_string"}}],"inLanguage":"es"},{"@type":"Organization","@id":"https:\/\/stiv.cat\/es\/#organization","name":"STIV","url":"https:\/\/stiv.cat\/es\/","logo":{"@type":"ImageObject","inLanguage":"es","@id":"https:\/\/stiv.cat\/es\/#\/schema\/logo\/image\/","url":"https:\/\/stiv.cat\/wp-content\/uploads\/2026\/05\/cropped-logo.webp","contentUrl":"https:\/\/stiv.cat\/wp-content\/uploads\/2026\/05\/cropped-logo.webp","width":420,"height":131,"caption":"STIV"},"image":{"@id":"https:\/\/stiv.cat\/es\/#\/schema\/logo\/image\/"}}]}},"_links":{"self":[{"href":"https:\/\/stiv.cat\/es\/wp-json\/wp\/v2\/pages\/308","targetHints":{"allow":["GET"]}}],"collection":[{"href":"https:\/\/stiv.cat\/es\/wp-json\/wp\/v2\/pages"}],"about":[{"href":"https:\/\/stiv.cat\/es\/wp-json\/wp\/v2\/types\/page"}],"author":[{"embeddable":true,"href":"https:\/\/stiv.cat\/es\/wp-json\/wp\/v2\/users\/1"}],"replies":[{"embeddable":true,"href":"https:\/\/stiv.cat\/es\/wp-json\/wp\/v2\/comments?post=308"}],"version-history":[{"count":3,"href":"https:\/\/stiv.cat\/es\/wp-json\/wp\/v2\/pages\/308\/revisions"}],"predecessor-version":[{"id":504,"href":"https:\/\/stiv.cat\/es\/wp-json\/wp\/v2\/pages\/308\/revisions\/504"}],"wp:attachment":[{"href":"https:\/\/stiv.cat\/es\/wp-json\/wp\/v2\/media?parent=308"}],"curies":[{"name":"wp","href":"https:\/\/api.w.org\/{rel}","templated":true}]}}