{"id":347,"date":"2026-05-06T01:29:40","date_gmt":"2026-05-05T23:29:40","guid":{"rendered":"http:\/\/stiv.cat.mialias.net\/hardware\/"},"modified":"2026-05-07T16:37:04","modified_gmt":"2026-05-07T14:37:04","slug":"hardware","status":"publish","type":"page","link":"https:\/\/stiv.cat\/es\/hardware\/","title":{"rendered":"Hardware"},"content":{"rendered":"\t\t<div data-elementor-type=\"wp-page\" data-elementor-id=\"347\" class=\"elementor elementor-347 elementor-184\">\n\t\t\t\t<div class=\"elementor-element elementor-element-36cebb7 e-flex e-con-boxed e-con e-parent\" data-id=\"36cebb7\" data-element_type=\"container\" data-e-type=\"container\">\n\t\t\t\t\t<div class=\"e-con-inner\">\n\t\t\t\t<div class=\"elementor-element elementor-element-b889f88 elementor-widget elementor-widget-heading\" data-id=\"b889f88\" data-element_type=\"widget\" data-e-type=\"widget\" data-widget_type=\"heading.default\">\n\t\t\t\t\t<h1 class=\"elementor-heading-title elementor-size-default\">Hardware<\/h1>\t\t\t\t<\/div>\n\t\t\t\t\t<\/div>\n\t\t\t\t<\/div>\n\t\t<div class=\"elementor-element elementor-element-73bdbf9 e-flex e-con-boxed e-con e-parent\" data-id=\"73bdbf9\" data-element_type=\"container\" data-e-type=\"container\">\n\t\t\t\t\t<div class=\"e-con-inner\">\n\t\t<div class=\"elementor-element elementor-element-62c5966 e-con-full e-flex e-con e-child\" data-id=\"62c5966\" data-element_type=\"container\" data-e-type=\"container\">\n\t\t<div class=\"elementor-element elementor-element-7731975 e-con-full e-flex e-con e-child\" data-id=\"7731975\" data-element_type=\"container\" data-e-type=\"container\" data-settings=\"{&quot;background_background&quot;:&quot;classic&quot;}\">\n\t\t\t\t<div class=\"elementor-element elementor-element-244f263 elementor-widget elementor-widget-heading\" data-id=\"244f263\" data-element_type=\"widget\" data-e-type=\"widget\" data-widget_type=\"heading.default\">\n\t\t\t\t\t<h2 class=\"elementor-heading-title elementor-size-default\">STIV<\/h2>\t\t\t\t<\/div>\n\t\t\t\t<div class=\"elementor-element elementor-element-16f4929 elementor-widget elementor-widget-heading\" data-id=\"16f4929\" data-element_type=\"widget\" data-e-type=\"widget\" data-widget_type=\"heading.default\">\n\t\t\t\t\t<h2 class=\"elementor-heading-title elementor-size-default\">Contacte con nosotros<\/h2>\t\t\t\t<\/div>\n\t\t\t\t<div class=\"elementor-element elementor-element-703fece elementor-widget-divider--view-line elementor-widget elementor-widget-divider\" data-id=\"703fece\" data-element_type=\"widget\" data-e-type=\"widget\" data-widget_type=\"divider.default\">\n\t\t\t\t\t\t\t<div class=\"elementor-divider\">\n\t\t\t<span class=\"elementor-divider-separator\">\n\t\t\t\t\t\t<\/span>\n\t\t<\/div>\n\t\t\t\t\t\t<\/div>\n\t\t\t\t<div class=\"elementor-element elementor-element-939cf06 elementor-position-inline-start elementor-view-default elementor-mobile-position-block-start elementor-widget elementor-widget-icon-box\" data-id=\"939cf06\" data-element_type=\"widget\" data-e-type=\"widget\" data-widget_type=\"icon-box.default\">\n\t\t\t\t\t\t\t<div class=\"elementor-icon-box-wrapper\">\n\n\t\t\t\t\t\t<div class=\"elementor-icon-box-icon\">\n\t\t\t\t<span  class=\"elementor-icon\">\n\t\t\t\t<i aria-hidden=\"true\" class=\"icon icon-phone-call\"><\/i>\t\t\t\t<\/span>\n\t\t\t<\/div>\n\t\t\t\n\t\t\t\t\t\t<div class=\"elementor-icon-box-content\">\n\n\t\t\t\t\t\t\t\t\t<h3 class=\"elementor-icon-box-title\">\n\t\t\t\t\t\t<span  >\n\t\t\t\t\t\t\tT. 938 616 970 | F. 938 616 971\t\t\t\t\t\t<\/span>\n\t\t\t\t\t<\/h3>\n\t\t\t\t\n\t\t\t\t\n\t\t\t<\/div>\n\t\t\t\n\t\t<\/div>\n\t\t\t\t\t\t<\/div>\n\t\t\t\t<div class=\"elementor-element elementor-element-65d1dc9 elementor-position-inline-start elementor-view-default elementor-mobile-position-block-start elementor-widget elementor-widget-icon-box\" data-id=\"65d1dc9\" data-element_type=\"widget\" data-e-type=\"widget\" data-widget_type=\"icon-box.default\">\n\t\t\t\t\t\t\t<div class=\"elementor-icon-box-wrapper\">\n\n\t\t\t\t\t\t<div class=\"elementor-icon-box-icon\">\n\t\t\t\t<span  class=\"elementor-icon\">\n\t\t\t\t<i aria-hidden=\"true\" class=\"icon icon-email\"><\/i>\t\t\t\t<\/span>\n\t\t\t<\/div>\n\t\t\t\n\t\t\t\t\t\t<div class=\"elementor-icon-box-content\">\n\n\t\t\t\t\t\t\t\t\t<h3 class=\"elementor-icon-box-title\">\n\t\t\t\t\t\t<span  >\n\t\t\t\t\t\t\tstiv@stiv.es\t\t\t\t\t\t<\/span>\n\t\t\t\t\t<\/h3>\n\t\t\t\t\n\t\t\t\t\n\t\t\t<\/div>\n\t\t\t\n\t\t<\/div>\n\t\t\t\t\t\t<\/div>\n\t\t\t\t<\/div>\n\t\t\t\t<\/div>\n\t\t<div class=\"elementor-element elementor-element-50e2071 e-con-full e-flex e-con e-child\" data-id=\"50e2071\" data-element_type=\"container\" data-e-type=\"container\">\n\t\t\t\t<div class=\"elementor-element elementor-element-a324978 elementor-widget elementor-widget-image\" data-id=\"a324978\" data-element_type=\"widget\" data-e-type=\"widget\" data-widget_type=\"image.default\">\n\t\t\t\t\t\t\t\t\t\t\t\t\t\t\t<img fetchpriority=\"high\" decoding=\"async\" width=\"800\" height=\"462\" src=\"https:\/\/stiv.cat\/wp-content\/uploads\/2026\/05\/HARDWARE-3-scaled-1038x600-1.webp\" class=\"attachment-large size-large wp-image-240\" alt=\"\" srcset=\"https:\/\/stiv.cat\/wp-content\/uploads\/2026\/05\/HARDWARE-3-scaled-1038x600-1.webp 800w, https:\/\/stiv.cat\/wp-content\/uploads\/2026\/05\/HARDWARE-3-scaled-1038x600-1-300x173.webp 300w, https:\/\/stiv.cat\/wp-content\/uploads\/2026\/05\/HARDWARE-3-scaled-1038x600-1-768x444.webp 768w\" sizes=\"(max-width: 800px) 100vw, 800px\" \/>\t\t\t\t\t\t\t\t\t\t\t\t\t\t\t<\/div>\n\t\t\t\t<div class=\"elementor-element elementor-element-a798fa3 elementor-widget elementor-widget-image\" data-id=\"a798fa3\" data-element_type=\"widget\" data-e-type=\"widget\" data-widget_type=\"image.default\">\n\t\t\t\t\t\t\t\t\t\t\t\t\t\t\t<img decoding=\"async\" width=\"800\" height=\"462\" src=\"https:\/\/stiv.cat\/wp-content\/uploads\/2026\/05\/HARDWARE-2-scaled-1038x600-1.webp\" class=\"attachment-large size-large wp-image-327\" alt=\"\" srcset=\"https:\/\/stiv.cat\/wp-content\/uploads\/2026\/05\/HARDWARE-2-scaled-1038x600-1.webp 800w, https:\/\/stiv.cat\/wp-content\/uploads\/2026\/05\/HARDWARE-2-scaled-1038x600-1-300x173.webp 300w, https:\/\/stiv.cat\/wp-content\/uploads\/2026\/05\/HARDWARE-2-scaled-1038x600-1-768x444.webp 768w\" sizes=\"(max-width: 800px) 100vw, 800px\" \/>\t\t\t\t\t\t\t\t\t\t\t\t\t\t\t<\/div>\n\t\t\t\t<div class=\"elementor-element elementor-element-9b8f7e9 elementor-widget elementor-widget-text-editor\" data-id=\"9b8f7e9\" data-element_type=\"widget\" data-e-type=\"widget\" data-widget_type=\"text-editor.default\">\n\t\t\t\t\t\t\t\t\t<p><strong>ROBOTS, VISI\u00d3N ARTIFICIAL, L\u00c1SERES, SOLDADURA, FUG\u00d3METROS, DOSIFICADORES Y HERRAMIENTAS DE TRAZABILIDAD<\/strong><\/p><p>Gran experiencia en la aplicaci\u00f3n de todo tipo de dispositivos tecnol\u00f3gicos seg\u00fan las necesidades de cada cliente.<\/p><p>El uso de robots es cada vez m\u00e1s frecuente por su versatilidad, velocidad, constancia, imagen y tambi\u00e9n por ser m\u00e1s econ\u00f3micos que hace unos a\u00f1os.<\/p><p>La visi\u00f3n artificial, aunque muy mitificada, mejora d\u00eda a d\u00eda en el control de procesos y control de calidad.<\/p><p>L\u00e1seres cada vez m\u00e1s r\u00e1pidos y potentes en procesos de marcado y\/o trazabilidad de pieza.<\/p><p>Implementaci\u00f3n de todo tipo de soldadura como la ultras\u00f3nica para termopl\u00e1sticos, por puntos (resistencia) para chapa-chapa y pernos, y la de esta\u00f1o para componentes sobre PCB, entre otras.<\/p><p>Fug\u00f3metros capaces de medir variaciones de presi\u00f3n cada vez menores y de forma m\u00e1s r\u00e1pida.<\/p><p>Dosificadores volum\u00e9tricos y temporizados de todo tipo de fluidos, aceites, grasas, adhesivos\u2026<\/p><p>Y llegamos al control individual de cada producto en la l\u00ednea. Aplicamos los elementos necesarios para gestionar la trazabilidad, como l\u00e1seres, impresoras y lectores de c\u00f3digos QR, manuales o autom\u00e1ticos. As\u00ed eliminamos incidencias puntuales y detectamos posibles errores en el proceso.<\/p><p>En resumen, integramos cualquier dispositivo, mecanismo o sistema robotizado que ofrezca el mercado tecnol\u00f3gico actual.<\/p>\t\t\t\t\t\t\t\t<\/div>\n\t\t\t\t<\/div>\n\t\t\t\t\t<\/div>\n\t\t\t\t<\/div>\n\t\t\t\t<\/div>\n\t\t","protected":false},"excerpt":{"rendered":"<p>Hardware STIV Contacte con nosotros T. 938 616 970 | F. 938 616 971 stiv@stiv.es ROBOTS, VISI\u00d3N ARTIFICIAL, L\u00c1SERES, SOLDADURA, FUG\u00d3METROS, DOSIFICADORES Y HERRAMIENTAS DE TRAZABILIDAD Gran experiencia en la aplicaci\u00f3n de todo tipo de dispositivos tecnol\u00f3gicos seg\u00fan las necesidades de cada cliente. El uso de robots es cada vez m\u00e1s frecuente por su versatilidad, &#8230; <a title=\"Hardware\" class=\"read-more\" href=\"https:\/\/stiv.cat\/es\/hardware\/\" aria-label=\"Leer m\u00e1s sobre Hardware\">Leer m\u00e1s<\/a><\/p>\n","protected":false},"author":1,"featured_media":0,"parent":0,"menu_order":0,"comment_status":"closed","ping_status":"closed","template":"elementor_header_footer","meta":{"footnotes":""},"class_list":["post-347","page","type-page","status-publish"],"yoast_head":"<!-- This site is optimized with the Yoast SEO plugin v27.6 - https:\/\/yoast.com\/product\/yoast-seo-wordpress\/ -->\n<title>Hardware - STIV<\/title>\n<meta name=\"robots\" content=\"noindex, follow, max-snippet:-1, max-image-preview:large, max-video-preview:-1\" \/>\n<meta property=\"og:locale\" content=\"es_ES\" \/>\n<meta property=\"og:type\" content=\"article\" \/>\n<meta property=\"og:title\" content=\"Hardware - STIV\" \/>\n<meta property=\"og:description\" content=\"Hardware STIV Contacte con nosotros T. 938 616 970 | F. 938 616 971 stiv@stiv.es ROBOTS, VISI\u00d3N ARTIFICIAL, L\u00c1SERES, SOLDADURA, FUG\u00d3METROS, DOSIFICADORES Y HERRAMIENTAS DE TRAZABILIDAD Gran experiencia en la aplicaci\u00f3n de todo tipo de dispositivos tecnol\u00f3gicos seg\u00fan las necesidades de cada cliente. El uso de robots es cada vez m\u00e1s frecuente por su versatilidad, ... Leer m\u00e1s\" \/>\n<meta property=\"og:url\" content=\"https:\/\/stiv.cat\/es\/hardware\/\" \/>\n<meta property=\"og:site_name\" content=\"STIV\" \/>\n<meta property=\"article:modified_time\" content=\"2026-05-07T14:37:04+00:00\" \/>\n<meta property=\"og:image\" content=\"http:\/\/stiv.cat\/wp-content\/uploads\/2026\/05\/HARDWARE-3-scaled-1038x600-1.webp\" \/>\n<meta name=\"twitter:card\" content=\"summary_large_image\" \/>\n<meta name=\"twitter:label1\" content=\"Tiempo de lectura\" \/>\n\t<meta name=\"twitter:data1\" content=\"2 minutos\" \/>\n<script type=\"application\/ld+json\" class=\"yoast-schema-graph\">{\"@context\":\"https:\\\/\\\/schema.org\",\"@graph\":[{\"@type\":\"WebPage\",\"@id\":\"https:\\\/\\\/stiv.cat\\\/es\\\/hardware\\\/\",\"url\":\"https:\\\/\\\/stiv.cat\\\/es\\\/hardware\\\/\",\"name\":\"Hardware - STIV\",\"isPartOf\":{\"@id\":\"https:\\\/\\\/stiv.cat\\\/es\\\/#website\"},\"primaryImageOfPage\":{\"@id\":\"https:\\\/\\\/stiv.cat\\\/es\\\/hardware\\\/#primaryimage\"},\"image\":{\"@id\":\"https:\\\/\\\/stiv.cat\\\/es\\\/hardware\\\/#primaryimage\"},\"thumbnailUrl\":\"http:\\\/\\\/stiv.cat\\\/wp-content\\\/uploads\\\/2026\\\/05\\\/HARDWARE-3-scaled-1038x600-1.webp\",\"datePublished\":\"2026-05-05T23:29:40+00:00\",\"dateModified\":\"2026-05-07T14:37:04+00:00\",\"breadcrumb\":{\"@id\":\"https:\\\/\\\/stiv.cat\\\/es\\\/hardware\\\/#breadcrumb\"},\"inLanguage\":\"es\",\"potentialAction\":[{\"@type\":\"ReadAction\",\"target\":[\"https:\\\/\\\/stiv.cat\\\/es\\\/hardware\\\/\"]}]},{\"@type\":\"ImageObject\",\"inLanguage\":\"es\",\"@id\":\"https:\\\/\\\/stiv.cat\\\/es\\\/hardware\\\/#primaryimage\",\"url\":\"http:\\\/\\\/stiv.cat\\\/wp-content\\\/uploads\\\/2026\\\/05\\\/HARDWARE-3-scaled-1038x600-1.webp\",\"contentUrl\":\"http:\\\/\\\/stiv.cat\\\/wp-content\\\/uploads\\\/2026\\\/05\\\/HARDWARE-3-scaled-1038x600-1.webp\"},{\"@type\":\"BreadcrumbList\",\"@id\":\"https:\\\/\\\/stiv.cat\\\/es\\\/hardware\\\/#breadcrumb\",\"itemListElement\":[{\"@type\":\"ListItem\",\"position\":1,\"name\":\"Portada\",\"item\":\"https:\\\/\\\/stiv.cat\\\/es\\\/\"},{\"@type\":\"ListItem\",\"position\":2,\"name\":\"Hardware\"}]},{\"@type\":\"WebSite\",\"@id\":\"https:\\\/\\\/stiv.cat\\\/es\\\/#website\",\"url\":\"https:\\\/\\\/stiv.cat\\\/es\\\/\",\"name\":\"STIV\",\"description\":\"Serveis T\u00e8cnics Industrials del Vall\u00e8s S.L\",\"publisher\":{\"@id\":\"https:\\\/\\\/stiv.cat\\\/es\\\/#organization\"},\"potentialAction\":[{\"@type\":\"SearchAction\",\"target\":{\"@type\":\"EntryPoint\",\"urlTemplate\":\"https:\\\/\\\/stiv.cat\\\/es\\\/?s={search_term_string}\"},\"query-input\":{\"@type\":\"PropertyValueSpecification\",\"valueRequired\":true,\"valueName\":\"search_term_string\"}}],\"inLanguage\":\"es\"},{\"@type\":\"Organization\",\"@id\":\"https:\\\/\\\/stiv.cat\\\/es\\\/#organization\",\"name\":\"STIV\",\"url\":\"https:\\\/\\\/stiv.cat\\\/es\\\/\",\"logo\":{\"@type\":\"ImageObject\",\"inLanguage\":\"es\",\"@id\":\"https:\\\/\\\/stiv.cat\\\/es\\\/#\\\/schema\\\/logo\\\/image\\\/\",\"url\":\"https:\\\/\\\/stiv.cat\\\/wp-content\\\/uploads\\\/2026\\\/05\\\/cropped-logo.webp\",\"contentUrl\":\"https:\\\/\\\/stiv.cat\\\/wp-content\\\/uploads\\\/2026\\\/05\\\/cropped-logo.webp\",\"width\":420,\"height\":131,\"caption\":\"STIV\"},\"image\":{\"@id\":\"https:\\\/\\\/stiv.cat\\\/es\\\/#\\\/schema\\\/logo\\\/image\\\/\"}}]}<\/script>\n<!-- \/ Yoast SEO plugin. -->","yoast_head_json":{"title":"Hardware - STIV","robots":{"index":"noindex","follow":"follow","max-snippet":"max-snippet:-1","max-image-preview":"max-image-preview:large","max-video-preview":"max-video-preview:-1"},"og_locale":"es_ES","og_type":"article","og_title":"Hardware - STIV","og_description":"Hardware STIV Contacte con nosotros T. 938 616 970 | F. 938 616 971 stiv@stiv.es ROBOTS, VISI\u00d3N ARTIFICIAL, L\u00c1SERES, SOLDADURA, FUG\u00d3METROS, DOSIFICADORES Y HERRAMIENTAS DE TRAZABILIDAD Gran experiencia en la aplicaci\u00f3n de todo tipo de dispositivos tecnol\u00f3gicos seg\u00fan las necesidades de cada cliente. El uso de robots es cada vez m\u00e1s frecuente por su versatilidad, ... Leer m\u00e1s","og_url":"https:\/\/stiv.cat\/es\/hardware\/","og_site_name":"STIV","article_modified_time":"2026-05-07T14:37:04+00:00","og_image":[{"url":"http:\/\/stiv.cat\/wp-content\/uploads\/2026\/05\/HARDWARE-3-scaled-1038x600-1.webp","type":"","width":"","height":""}],"twitter_card":"summary_large_image","twitter_misc":{"Tiempo de lectura":"2 minutos"},"schema":{"@context":"https:\/\/schema.org","@graph":[{"@type":"WebPage","@id":"https:\/\/stiv.cat\/es\/hardware\/","url":"https:\/\/stiv.cat\/es\/hardware\/","name":"Hardware - STIV","isPartOf":{"@id":"https:\/\/stiv.cat\/es\/#website"},"primaryImageOfPage":{"@id":"https:\/\/stiv.cat\/es\/hardware\/#primaryimage"},"image":{"@id":"https:\/\/stiv.cat\/es\/hardware\/#primaryimage"},"thumbnailUrl":"http:\/\/stiv.cat\/wp-content\/uploads\/2026\/05\/HARDWARE-3-scaled-1038x600-1.webp","datePublished":"2026-05-05T23:29:40+00:00","dateModified":"2026-05-07T14:37:04+00:00","breadcrumb":{"@id":"https:\/\/stiv.cat\/es\/hardware\/#breadcrumb"},"inLanguage":"es","potentialAction":[{"@type":"ReadAction","target":["https:\/\/stiv.cat\/es\/hardware\/"]}]},{"@type":"ImageObject","inLanguage":"es","@id":"https:\/\/stiv.cat\/es\/hardware\/#primaryimage","url":"http:\/\/stiv.cat\/wp-content\/uploads\/2026\/05\/HARDWARE-3-scaled-1038x600-1.webp","contentUrl":"http:\/\/stiv.cat\/wp-content\/uploads\/2026\/05\/HARDWARE-3-scaled-1038x600-1.webp"},{"@type":"BreadcrumbList","@id":"https:\/\/stiv.cat\/es\/hardware\/#breadcrumb","itemListElement":[{"@type":"ListItem","position":1,"name":"Portada","item":"https:\/\/stiv.cat\/es\/"},{"@type":"ListItem","position":2,"name":"Hardware"}]},{"@type":"WebSite","@id":"https:\/\/stiv.cat\/es\/#website","url":"https:\/\/stiv.cat\/es\/","name":"STIV","description":"Serveis T\u00e8cnics Industrials del Vall\u00e8s S.L","publisher":{"@id":"https:\/\/stiv.cat\/es\/#organization"},"potentialAction":[{"@type":"SearchAction","target":{"@type":"EntryPoint","urlTemplate":"https:\/\/stiv.cat\/es\/?s={search_term_string}"},"query-input":{"@type":"PropertyValueSpecification","valueRequired":true,"valueName":"search_term_string"}}],"inLanguage":"es"},{"@type":"Organization","@id":"https:\/\/stiv.cat\/es\/#organization","name":"STIV","url":"https:\/\/stiv.cat\/es\/","logo":{"@type":"ImageObject","inLanguage":"es","@id":"https:\/\/stiv.cat\/es\/#\/schema\/logo\/image\/","url":"https:\/\/stiv.cat\/wp-content\/uploads\/2026\/05\/cropped-logo.webp","contentUrl":"https:\/\/stiv.cat\/wp-content\/uploads\/2026\/05\/cropped-logo.webp","width":420,"height":131,"caption":"STIV"},"image":{"@id":"https:\/\/stiv.cat\/es\/#\/schema\/logo\/image\/"}}]}},"_links":{"self":[{"href":"https:\/\/stiv.cat\/es\/wp-json\/wp\/v2\/pages\/347","targetHints":{"allow":["GET"]}}],"collection":[{"href":"https:\/\/stiv.cat\/es\/wp-json\/wp\/v2\/pages"}],"about":[{"href":"https:\/\/stiv.cat\/es\/wp-json\/wp\/v2\/types\/page"}],"author":[{"embeddable":true,"href":"https:\/\/stiv.cat\/es\/wp-json\/wp\/v2\/users\/1"}],"replies":[{"embeddable":true,"href":"https:\/\/stiv.cat\/es\/wp-json\/wp\/v2\/comments?post=347"}],"version-history":[{"count":2,"href":"https:\/\/stiv.cat\/es\/wp-json\/wp\/v2\/pages\/347\/revisions"}],"predecessor-version":[{"id":349,"href":"https:\/\/stiv.cat\/es\/wp-json\/wp\/v2\/pages\/347\/revisions\/349"}],"wp:attachment":[{"href":"https:\/\/stiv.cat\/es\/wp-json\/wp\/v2\/media?parent=347"}],"curies":[{"name":"wp","href":"https:\/\/api.w.org\/{rel}","templated":true}]}}