{"id":351,"date":"2026-05-06T01:24:35","date_gmt":"2026-05-05T23:24:35","guid":{"rendered":"http:\/\/stiv.cat.mialias.net\/programacio\/"},"modified":"2026-05-07T16:42:12","modified_gmt":"2026-05-07T14:42:12","slug":"programacio","status":"publish","type":"page","link":"https:\/\/stiv.cat\/es\/programacio\/","title":{"rendered":"Programaci\u00f3n"},"content":{"rendered":"\t\t<div data-elementor-type=\"wp-page\" data-elementor-id=\"351\" class=\"elementor elementor-351 elementor-174\">\n\t\t\t\t<div class=\"elementor-element elementor-element-36cebb7 e-flex e-con-boxed e-con e-parent\" data-id=\"36cebb7\" data-element_type=\"container\" data-e-type=\"container\">\n\t\t\t\t\t<div class=\"e-con-inner\">\n\t\t\t\t<div class=\"elementor-element elementor-element-b889f88 elementor-widget elementor-widget-heading\" data-id=\"b889f88\" data-element_type=\"widget\" data-e-type=\"widget\" data-widget_type=\"heading.default\">\n\t\t\t\t\t<h1 class=\"elementor-heading-title elementor-size-default\">Programaci\u00f3n<\/h1>\t\t\t\t<\/div>\n\t\t\t\t\t<\/div>\n\t\t\t\t<\/div>\n\t\t<div class=\"elementor-element elementor-element-73bdbf9 e-flex e-con-boxed e-con e-parent\" data-id=\"73bdbf9\" data-element_type=\"container\" data-e-type=\"container\">\n\t\t\t\t\t<div class=\"e-con-inner\">\n\t\t<div class=\"elementor-element elementor-element-62c5966 e-con-full e-flex e-con e-child\" data-id=\"62c5966\" data-element_type=\"container\" data-e-type=\"container\">\n\t\t<div class=\"elementor-element elementor-element-7731975 e-con-full e-flex e-con e-child\" data-id=\"7731975\" data-element_type=\"container\" data-e-type=\"container\" data-settings=\"{&quot;background_background&quot;:&quot;classic&quot;}\">\n\t\t\t\t<div class=\"elementor-element elementor-element-244f263 elementor-widget elementor-widget-heading\" data-id=\"244f263\" data-element_type=\"widget\" data-e-type=\"widget\" data-widget_type=\"heading.default\">\n\t\t\t\t\t<h2 class=\"elementor-heading-title elementor-size-default\">STIV<\/h2>\t\t\t\t<\/div>\n\t\t\t\t<div class=\"elementor-element elementor-element-16f4929 elementor-widget elementor-widget-heading\" data-id=\"16f4929\" data-element_type=\"widget\" data-e-type=\"widget\" data-widget_type=\"heading.default\">\n\t\t\t\t\t<h2 class=\"elementor-heading-title elementor-size-default\">Contacte con nosotros<\/h2>\t\t\t\t<\/div>\n\t\t\t\t<div class=\"elementor-element elementor-element-703fece elementor-widget-divider--view-line elementor-widget elementor-widget-divider\" data-id=\"703fece\" data-element_type=\"widget\" data-e-type=\"widget\" data-widget_type=\"divider.default\">\n\t\t\t\t\t\t\t<div class=\"elementor-divider\">\n\t\t\t<span class=\"elementor-divider-separator\">\n\t\t\t\t\t\t<\/span>\n\t\t<\/div>\n\t\t\t\t\t\t<\/div>\n\t\t\t\t<div class=\"elementor-element elementor-element-939cf06 elementor-position-inline-start elementor-view-default elementor-mobile-position-block-start elementor-widget elementor-widget-icon-box\" data-id=\"939cf06\" data-element_type=\"widget\" data-e-type=\"widget\" data-widget_type=\"icon-box.default\">\n\t\t\t\t\t\t\t<div class=\"elementor-icon-box-wrapper\">\n\n\t\t\t\t\t\t<div class=\"elementor-icon-box-icon\">\n\t\t\t\t<span  class=\"elementor-icon\">\n\t\t\t\t<i aria-hidden=\"true\" class=\"icon icon-phone-call\"><\/i>\t\t\t\t<\/span>\n\t\t\t<\/div>\n\t\t\t\n\t\t\t\t\t\t<div class=\"elementor-icon-box-content\">\n\n\t\t\t\t\t\t\t\t\t<h3 class=\"elementor-icon-box-title\">\n\t\t\t\t\t\t<span  >\n\t\t\t\t\t\t\tT. 938 616 970 | F. 938 616 971\t\t\t\t\t\t<\/span>\n\t\t\t\t\t<\/h3>\n\t\t\t\t\n\t\t\t\t\n\t\t\t<\/div>\n\t\t\t\n\t\t<\/div>\n\t\t\t\t\t\t<\/div>\n\t\t\t\t<div class=\"elementor-element elementor-element-65d1dc9 elementor-position-inline-start elementor-view-default elementor-mobile-position-block-start elementor-widget elementor-widget-icon-box\" data-id=\"65d1dc9\" data-element_type=\"widget\" data-e-type=\"widget\" data-widget_type=\"icon-box.default\">\n\t\t\t\t\t\t\t<div class=\"elementor-icon-box-wrapper\">\n\n\t\t\t\t\t\t<div class=\"elementor-icon-box-icon\">\n\t\t\t\t<span  class=\"elementor-icon\">\n\t\t\t\t<i aria-hidden=\"true\" class=\"icon icon-email\"><\/i>\t\t\t\t<\/span>\n\t\t\t<\/div>\n\t\t\t\n\t\t\t\t\t\t<div class=\"elementor-icon-box-content\">\n\n\t\t\t\t\t\t\t\t\t<h3 class=\"elementor-icon-box-title\">\n\t\t\t\t\t\t<span  >\n\t\t\t\t\t\t\tstiv@stiv.es\t\t\t\t\t\t<\/span>\n\t\t\t\t\t<\/h3>\n\t\t\t\t\n\t\t\t\t\n\t\t\t<\/div>\n\t\t\t\n\t\t<\/div>\n\t\t\t\t\t\t<\/div>\n\t\t\t\t<\/div>\n\t\t\t\t<\/div>\n\t\t<div class=\"elementor-element elementor-element-50e2071 e-con-full e-flex e-con e-child\" data-id=\"50e2071\" data-element_type=\"container\" data-e-type=\"container\">\n\t\t\t\t<div class=\"elementor-element elementor-element-a798fa3 elementor-widget elementor-widget-image\" data-id=\"a798fa3\" data-element_type=\"widget\" data-e-type=\"widget\" data-widget_type=\"image.default\">\n\t\t\t\t\t\t\t\t\t\t\t\t\t\t\t<img fetchpriority=\"high\" decoding=\"async\" width=\"800\" height=\"415\" src=\"https:\/\/stiv.cat\/wp-content\/uploads\/2026\/05\/PROGRAMACIO-2.webp\" class=\"attachment-large size-large wp-image-324\" alt=\"\" srcset=\"https:\/\/stiv.cat\/wp-content\/uploads\/2026\/05\/PROGRAMACIO-2.webp 800w, https:\/\/stiv.cat\/wp-content\/uploads\/2026\/05\/PROGRAMACIO-2-300x156.webp 300w, https:\/\/stiv.cat\/wp-content\/uploads\/2026\/05\/PROGRAMACIO-2-768x398.webp 768w\" sizes=\"(max-width: 800px) 100vw, 800px\" \/>\t\t\t\t\t\t\t\t\t\t\t\t\t\t\t<\/div>\n\t\t\t\t<div class=\"elementor-element elementor-element-9b8f7e9 elementor-widget elementor-widget-text-editor\" data-id=\"9b8f7e9\" data-element_type=\"widget\" data-e-type=\"widget\" data-widget_type=\"text-editor.default\">\n\t\t\t\t\t\t\t\t\t<p><strong>AUT\u00d3MATAS \/ HMI \/ ROBOTS \/ SCADA \/ SERVIDOR<\/strong><\/p><p>Un aspecto en el que trabajamos mucho en nuestros dise\u00f1os es la facilidad de interacci\u00f3n hombre-m\u00e1quina.<\/p><p>De una sencilla c\u00e9lula aut\u00f3noma controlada por un aut\u00f3mata, a l\u00edneas de m\u00e1quinas semi\/autom\u00e1ticas con sistemas robotizados controlados desde una aut\u00f3mata central y con pantallas HMI cada unidad de proceso.<\/p><p>Las representaciones gr\u00e1ficas del proceso en tiempo real en las pantallas HMI son un ejemplo de esta interacci\u00f3n. El operario visualiza, controla y modifica los par\u00e1metros de todo el proceso de la m\u00e1quina de forma muy intuitiva.<\/p><p>Y si se desea un control exhaustivo de la producci\u00f3n de una planta, implementamos un software SCADA adecuado a la necesidad del cliente y al tipo de producto.<\/p>\t\t\t\t\t\t\t\t<\/div>\n\t\t\t\t<\/div>\n\t\t\t\t\t<\/div>\n\t\t\t\t<\/div>\n\t\t\t\t<\/div>\n\t\t","protected":false},"excerpt":{"rendered":"<p>Programaci\u00f3n STIV Contacte con nosotros T. 938 616 970 | F. 938 616 971 stiv@stiv.es AUT\u00d3MATAS \/ HMI \/ ROBOTS \/ SCADA \/ SERVIDOR Un aspecto en el que trabajamos mucho en nuestros dise\u00f1os es la facilidad de interacci\u00f3n hombre-m\u00e1quina. De una sencilla c\u00e9lula aut\u00f3noma controlada por un aut\u00f3mata, a l\u00edneas de m\u00e1quinas semi\/autom\u00e1ticas con &#8230; <a title=\"Programaci\u00f3n\" class=\"read-more\" href=\"https:\/\/stiv.cat\/es\/programacio\/\" aria-label=\"Leer m\u00e1s sobre Programaci\u00f3n\">Leer m\u00e1s<\/a><\/p>\n","protected":false},"author":1,"featured_media":0,"parent":0,"menu_order":0,"comment_status":"closed","ping_status":"closed","template":"elementor_header_footer","meta":{"footnotes":""},"class_list":["post-351","page","type-page","status-publish"],"yoast_head":"<!-- This site is optimized with the Yoast SEO plugin v27.6 - https:\/\/yoast.com\/product\/yoast-seo-wordpress\/ -->\n<title>Programaci\u00f3n - STIV<\/title>\n<meta name=\"robots\" content=\"noindex, follow, max-snippet:-1, max-image-preview:large, max-video-preview:-1\" \/>\n<meta property=\"og:locale\" content=\"es_ES\" \/>\n<meta property=\"og:type\" content=\"article\" \/>\n<meta property=\"og:title\" content=\"Programaci\u00f3n - STIV\" \/>\n<meta property=\"og:description\" content=\"Programaci\u00f3n STIV Contacte con nosotros T. 938 616 970 | F. 938 616 971 stiv@stiv.es AUT\u00d3MATAS \/ HMI \/ ROBOTS \/ SCADA \/ SERVIDOR Un aspecto en el que trabajamos mucho en nuestros dise\u00f1os es la facilidad de interacci\u00f3n hombre-m\u00e1quina. De una sencilla c\u00e9lula aut\u00f3noma controlada por un aut\u00f3mata, a l\u00edneas de m\u00e1quinas semi\/autom\u00e1ticas con ... Leer m\u00e1s\" \/>\n<meta property=\"og:url\" content=\"https:\/\/stiv.cat\/es\/programacio\/\" \/>\n<meta property=\"og:site_name\" content=\"STIV\" \/>\n<meta property=\"article:modified_time\" content=\"2026-05-07T14:42:12+00:00\" \/>\n<meta property=\"og:image\" content=\"http:\/\/stiv.cat\/wp-content\/uploads\/2026\/05\/PROGRAMACIO-2.webp\" \/>\n<meta name=\"twitter:card\" content=\"summary_large_image\" \/>\n<meta name=\"twitter:label1\" content=\"Tiempo de lectura\" \/>\n\t<meta name=\"twitter:data1\" content=\"1 minuto\" \/>\n<script type=\"application\/ld+json\" class=\"yoast-schema-graph\">{\"@context\":\"https:\\\/\\\/schema.org\",\"@graph\":[{\"@type\":\"WebPage\",\"@id\":\"https:\\\/\\\/stiv.cat\\\/es\\\/programacio\\\/\",\"url\":\"https:\\\/\\\/stiv.cat\\\/es\\\/programacio\\\/\",\"name\":\"Programaci\u00f3n - STIV\",\"isPartOf\":{\"@id\":\"https:\\\/\\\/stiv.cat\\\/es\\\/#website\"},\"primaryImageOfPage\":{\"@id\":\"https:\\\/\\\/stiv.cat\\\/es\\\/programacio\\\/#primaryimage\"},\"image\":{\"@id\":\"https:\\\/\\\/stiv.cat\\\/es\\\/programacio\\\/#primaryimage\"},\"thumbnailUrl\":\"http:\\\/\\\/stiv.cat\\\/wp-content\\\/uploads\\\/2026\\\/05\\\/PROGRAMACIO-2.webp\",\"datePublished\":\"2026-05-05T23:24:35+00:00\",\"dateModified\":\"2026-05-07T14:42:12+00:00\",\"breadcrumb\":{\"@id\":\"https:\\\/\\\/stiv.cat\\\/es\\\/programacio\\\/#breadcrumb\"},\"inLanguage\":\"es\",\"potentialAction\":[{\"@type\":\"ReadAction\",\"target\":[\"https:\\\/\\\/stiv.cat\\\/es\\\/programacio\\\/\"]}]},{\"@type\":\"ImageObject\",\"inLanguage\":\"es\",\"@id\":\"https:\\\/\\\/stiv.cat\\\/es\\\/programacio\\\/#primaryimage\",\"url\":\"http:\\\/\\\/stiv.cat\\\/wp-content\\\/uploads\\\/2026\\\/05\\\/PROGRAMACIO-2.webp\",\"contentUrl\":\"http:\\\/\\\/stiv.cat\\\/wp-content\\\/uploads\\\/2026\\\/05\\\/PROGRAMACIO-2.webp\"},{\"@type\":\"BreadcrumbList\",\"@id\":\"https:\\\/\\\/stiv.cat\\\/es\\\/programacio\\\/#breadcrumb\",\"itemListElement\":[{\"@type\":\"ListItem\",\"position\":1,\"name\":\"Portada\",\"item\":\"https:\\\/\\\/stiv.cat\\\/es\\\/\"},{\"@type\":\"ListItem\",\"position\":2,\"name\":\"Programaci\u00f3n\"}]},{\"@type\":\"WebSite\",\"@id\":\"https:\\\/\\\/stiv.cat\\\/es\\\/#website\",\"url\":\"https:\\\/\\\/stiv.cat\\\/es\\\/\",\"name\":\"STIV\",\"description\":\"Serveis T\u00e8cnics Industrials del Vall\u00e8s S.L\",\"publisher\":{\"@id\":\"https:\\\/\\\/stiv.cat\\\/es\\\/#organization\"},\"potentialAction\":[{\"@type\":\"SearchAction\",\"target\":{\"@type\":\"EntryPoint\",\"urlTemplate\":\"https:\\\/\\\/stiv.cat\\\/es\\\/?s={search_term_string}\"},\"query-input\":{\"@type\":\"PropertyValueSpecification\",\"valueRequired\":true,\"valueName\":\"search_term_string\"}}],\"inLanguage\":\"es\"},{\"@type\":\"Organization\",\"@id\":\"https:\\\/\\\/stiv.cat\\\/es\\\/#organization\",\"name\":\"STIV\",\"url\":\"https:\\\/\\\/stiv.cat\\\/es\\\/\",\"logo\":{\"@type\":\"ImageObject\",\"inLanguage\":\"es\",\"@id\":\"https:\\\/\\\/stiv.cat\\\/es\\\/#\\\/schema\\\/logo\\\/image\\\/\",\"url\":\"https:\\\/\\\/stiv.cat\\\/wp-content\\\/uploads\\\/2026\\\/05\\\/cropped-logo.webp\",\"contentUrl\":\"https:\\\/\\\/stiv.cat\\\/wp-content\\\/uploads\\\/2026\\\/05\\\/cropped-logo.webp\",\"width\":420,\"height\":131,\"caption\":\"STIV\"},\"image\":{\"@id\":\"https:\\\/\\\/stiv.cat\\\/es\\\/#\\\/schema\\\/logo\\\/image\\\/\"}}]}<\/script>\n<!-- \/ Yoast SEO plugin. -->","yoast_head_json":{"title":"Programaci\u00f3n - STIV","robots":{"index":"noindex","follow":"follow","max-snippet":"max-snippet:-1","max-image-preview":"max-image-preview:large","max-video-preview":"max-video-preview:-1"},"og_locale":"es_ES","og_type":"article","og_title":"Programaci\u00f3n - STIV","og_description":"Programaci\u00f3n STIV Contacte con nosotros T. 938 616 970 | F. 938 616 971 stiv@stiv.es AUT\u00d3MATAS \/ HMI \/ ROBOTS \/ SCADA \/ SERVIDOR Un aspecto en el que trabajamos mucho en nuestros dise\u00f1os es la facilidad de interacci\u00f3n hombre-m\u00e1quina. De una sencilla c\u00e9lula aut\u00f3noma controlada por un aut\u00f3mata, a l\u00edneas de m\u00e1quinas semi\/autom\u00e1ticas con ... Leer m\u00e1s","og_url":"https:\/\/stiv.cat\/es\/programacio\/","og_site_name":"STIV","article_modified_time":"2026-05-07T14:42:12+00:00","og_image":[{"url":"http:\/\/stiv.cat\/wp-content\/uploads\/2026\/05\/PROGRAMACIO-2.webp","type":"","width":"","height":""}],"twitter_card":"summary_large_image","twitter_misc":{"Tiempo de lectura":"1 minuto"},"schema":{"@context":"https:\/\/schema.org","@graph":[{"@type":"WebPage","@id":"https:\/\/stiv.cat\/es\/programacio\/","url":"https:\/\/stiv.cat\/es\/programacio\/","name":"Programaci\u00f3n - STIV","isPartOf":{"@id":"https:\/\/stiv.cat\/es\/#website"},"primaryImageOfPage":{"@id":"https:\/\/stiv.cat\/es\/programacio\/#primaryimage"},"image":{"@id":"https:\/\/stiv.cat\/es\/programacio\/#primaryimage"},"thumbnailUrl":"http:\/\/stiv.cat\/wp-content\/uploads\/2026\/05\/PROGRAMACIO-2.webp","datePublished":"2026-05-05T23:24:35+00:00","dateModified":"2026-05-07T14:42:12+00:00","breadcrumb":{"@id":"https:\/\/stiv.cat\/es\/programacio\/#breadcrumb"},"inLanguage":"es","potentialAction":[{"@type":"ReadAction","target":["https:\/\/stiv.cat\/es\/programacio\/"]}]},{"@type":"ImageObject","inLanguage":"es","@id":"https:\/\/stiv.cat\/es\/programacio\/#primaryimage","url":"http:\/\/stiv.cat\/wp-content\/uploads\/2026\/05\/PROGRAMACIO-2.webp","contentUrl":"http:\/\/stiv.cat\/wp-content\/uploads\/2026\/05\/PROGRAMACIO-2.webp"},{"@type":"BreadcrumbList","@id":"https:\/\/stiv.cat\/es\/programacio\/#breadcrumb","itemListElement":[{"@type":"ListItem","position":1,"name":"Portada","item":"https:\/\/stiv.cat\/es\/"},{"@type":"ListItem","position":2,"name":"Programaci\u00f3n"}]},{"@type":"WebSite","@id":"https:\/\/stiv.cat\/es\/#website","url":"https:\/\/stiv.cat\/es\/","name":"STIV","description":"Serveis T\u00e8cnics Industrials del Vall\u00e8s S.L","publisher":{"@id":"https:\/\/stiv.cat\/es\/#organization"},"potentialAction":[{"@type":"SearchAction","target":{"@type":"EntryPoint","urlTemplate":"https:\/\/stiv.cat\/es\/?s={search_term_string}"},"query-input":{"@type":"PropertyValueSpecification","valueRequired":true,"valueName":"search_term_string"}}],"inLanguage":"es"},{"@type":"Organization","@id":"https:\/\/stiv.cat\/es\/#organization","name":"STIV","url":"https:\/\/stiv.cat\/es\/","logo":{"@type":"ImageObject","inLanguage":"es","@id":"https:\/\/stiv.cat\/es\/#\/schema\/logo\/image\/","url":"https:\/\/stiv.cat\/wp-content\/uploads\/2026\/05\/cropped-logo.webp","contentUrl":"https:\/\/stiv.cat\/wp-content\/uploads\/2026\/05\/cropped-logo.webp","width":420,"height":131,"caption":"STIV"},"image":{"@id":"https:\/\/stiv.cat\/es\/#\/schema\/logo\/image\/"}}]}},"_links":{"self":[{"href":"https:\/\/stiv.cat\/es\/wp-json\/wp\/v2\/pages\/351","targetHints":{"allow":["GET"]}}],"collection":[{"href":"https:\/\/stiv.cat\/es\/wp-json\/wp\/v2\/pages"}],"about":[{"href":"https:\/\/stiv.cat\/es\/wp-json\/wp\/v2\/types\/page"}],"author":[{"embeddable":true,"href":"https:\/\/stiv.cat\/es\/wp-json\/wp\/v2\/users\/1"}],"replies":[{"embeddable":true,"href":"https:\/\/stiv.cat\/es\/wp-json\/wp\/v2\/comments?post=351"}],"version-history":[{"count":2,"href":"https:\/\/stiv.cat\/es\/wp-json\/wp\/v2\/pages\/351\/revisions"}],"predecessor-version":[{"id":353,"href":"https:\/\/stiv.cat\/es\/wp-json\/wp\/v2\/pages\/351\/revisions\/353"}],"wp:attachment":[{"href":"https:\/\/stiv.cat\/es\/wp-json\/wp\/v2\/media?parent=351"}],"curies":[{"name":"wp","href":"https:\/\/api.w.org\/{rel}","templated":true}]}}